{"id":2080,"date":"2023-10-10T10:56:32","date_gmt":"2023-10-10T08:56:32","guid":{"rendered":"https:\/\/adtg.ch\/mentions-legales\/"},"modified":"2025-11-09T10:41:25","modified_gmt":"2025-11-09T09:41:25","slug":"mentions-legales","status":"publish","type":"page","link":"https:\/\/adtg.ch\/fr\/mentions-legales\/","title":{"rendered":"Mentions l\u00e9gales"},"content":{"rendered":"\t\t<div data-elementor-type=\"wp-page\" data-elementor-id=\"2080\" class=\"elementor elementor-2080 elementor-1427\" data-elementor-post-type=\"page\">\n\t\t\t\t<div class=\"elementor-element elementor-element-e61f2b6 e-flex e-con-boxed e-con e-parent\" data-id=\"e61f2b6\" data-element_type=\"container\" data-e-type=\"container\">\n\t\t\t\t\t<div class=\"e-con-inner\">\n\t\t\t\t<div class=\"elementor-element elementor-element-a5947d8 elementor-widget__width-inherit elementor-widget elementor-widget-heading\" data-id=\"a5947d8\" data-element_type=\"widget\" data-e-type=\"widget\" data-widget_type=\"heading.default\">\n\t\t\t\t<div class=\"elementor-widget-container\">\n\t\t\t\t\t<h1 class=\"elementor-heading-title elementor-size-default\">Mentions l\u00e9gales<\/h1>\t\t\t\t<\/div>\n\t\t\t\t<\/div>\n\t\t\t\t<div class=\"elementor-element elementor-element-cfd3052 elementor-widget__width-inherit elementor-widget elementor-widget-text-editor\" data-id=\"cfd3052\" data-element_type=\"widget\" data-e-type=\"widget\" data-widget_type=\"text-editor.default\">\n\t\t\t\t<div class=\"elementor-widget-container\">\n\t\t\t\t\t\t\t\t\t<h2 id=\"kontaktadressen\">Adresse de contact<\/h2><p><strong>Sant\u00e9 R\u00e9seau Politique<br><\/strong>Herrengasse 28<br>5702 Niederlenz<\/p><p><a href=\"&#109;&#x61;&#105;&#x6c;t&#x6f;:&#103;&#x65;&#115;&#x63;&#104;&#x61;e&#x66;t&#115;&#x73;&#116;&#x65;l&#x6c;e&#x40;&#x61;&#100;&#x74;&#103;&#x2e;c&#x68;\" target=\"_blank\" rel=\"noopener\">s&#101;&#99;&#114;&#x65;&#x74;&#x61;ri&#97;&#116;&#x40;&#x61;&#x64;&#x74;g&#46;&#99;&#104;<\/a><\/p>\t\t\t\t\t\t\t\t<\/div>\n\t\t\t\t<\/div>\n\t\t\t\t\t<\/div>\n\t\t\t\t<\/div>\n\t\t\t\t<\/div>\n\t\t","protected":false},"excerpt":{"rendered":"<p>Mentions l\u00e9gales Adresse de contact Sant\u00e9 R\u00e9seau PolitiqueHerrengasse 285702 Niederlenz &#x73;&#x65;&#99;r&#x65;&#x74;&#97;&#114;i&#x61;&#x74;&#64;&#97;d&#x74;&#x67;&#46;ch<\/p>\n","protected":false},"author":1,"featured_media":0,"parent":0,"menu_order":0,"comment_status":"closed","ping_status":"closed","template":"","meta":{"site-sidebar-layout":"no-sidebar","site-content-layout":"","ast-site-content-layout":"full-width-container","site-content-style":"default","site-sidebar-style":"default","ast-global-header-display":"","ast-banner-title-visibility":"","ast-main-header-display":"","ast-hfb-above-header-display":"","ast-hfb-below-header-display":"","ast-hfb-mobile-header-display":"","site-post-title":"disabled","ast-breadcrumbs-content":"","ast-featured-img":"disabled","footer-sml-layout":"","ast-disable-related-posts":"","theme-transparent-header-meta":"","adv-header-id-meta":"","stick-header-meta":"","header-above-stick-meta":"","header-main-stick-meta":"","header-below-stick-meta":"","astra-migrate-meta-layouts":"default","ast-page-background-enabled":"default","ast-page-background-meta":{"desktop":{"background-color":"var(--ast-global-color-4)","background-image":"","background-repeat":"repeat","background-position":"center center","background-size":"auto","background-attachment":"scroll","background-type":"","background-media":"","overlay-type":"","overlay-color":"","overlay-opacity":"","overlay-gradient":""},"tablet":{"background-color":"","background-image":"","background-repeat":"repeat","background-position":"center center","background-size":"auto","background-attachment":"scroll","background-type":"","background-media":"","overlay-type":"","overlay-color":"","overlay-opacity":"","overlay-gradient":""},"mobile":{"background-color":"","background-image":"","background-repeat":"repeat","background-position":"center center","background-size":"auto","background-attachment":"scroll","background-type":"","background-media":"","overlay-type":"","overlay-color":"","overlay-opacity":"","overlay-gradient":""}},"ast-content-background-meta":{"desktop":{"background-color":"var(--ast-global-color-5)","background-image":"","background-repeat":"repeat","background-position":"center center","background-size":"auto","background-attachment":"scroll","background-type":"","background-media":"","overlay-type":"","overlay-color":"","overlay-opacity":"","overlay-gradient":""},"tablet":{"background-color":"var(--ast-global-color-5)","background-image":"","background-repeat":"repeat","background-position":"center center","background-size":"auto","background-attachment":"scroll","background-type":"","background-media":"","overlay-type":"","overlay-color":"","overlay-opacity":"","overlay-gradient":""},"mobile":{"background-color":"var(--ast-global-color-5)","background-image":"","background-repeat":"repeat","background-position":"center center","background-size":"auto","background-attachment":"scroll","background-type":"","background-media":"","overlay-type":"","overlay-color":"","overlay-opacity":"","overlay-gradient":""}},"footnotes":""},"class_list":["post-2080","page","type-page","status-publish","hentry"],"_links":{"self":[{"href":"https:\/\/adtg.ch\/fr\/wp-json\/wp\/v2\/pages\/2080","targetHints":{"allow":["GET"]}}],"collection":[{"href":"https:\/\/adtg.ch\/fr\/wp-json\/wp\/v2\/pages"}],"about":[{"href":"https:\/\/adtg.ch\/fr\/wp-json\/wp\/v2\/types\/page"}],"author":[{"embeddable":true,"href":"https:\/\/adtg.ch\/fr\/wp-json\/wp\/v2\/users\/1"}],"replies":[{"embeddable":true,"href":"https:\/\/adtg.ch\/fr\/wp-json\/wp\/v2\/comments?post=2080"}],"version-history":[{"count":5,"href":"https:\/\/adtg.ch\/fr\/wp-json\/wp\/v2\/pages\/2080\/revisions"}],"predecessor-version":[{"id":3554,"href":"https:\/\/adtg.ch\/fr\/wp-json\/wp\/v2\/pages\/2080\/revisions\/3554"}],"wp:attachment":[{"href":"https:\/\/adtg.ch\/fr\/wp-json\/wp\/v2\/media?parent=2080"}],"curies":[{"name":"wp","href":"https:\/\/api.w.org\/{rel}","templated":true}]}}