{"id":2083,"date":"2023-10-08T14:26:51","date_gmt":"2023-10-08T12:26:51","guid":{"rendered":"https:\/\/adtg.ch\/alliance-pour-la-transformation-numerique-dans-le-secteur-de-la-sante-home\/"},"modified":"2026-02-13T22:20:56","modified_gmt":"2026-02-13T21:20:56","slug":"page-d-accueil","status":"publish","type":"page","link":"https:\/\/adtg.ch\/fr\/","title":{"rendered":"Page d&rsquo;accueil ADNS"},"content":{"rendered":"\t\t<div data-elementor-type=\"wp-page\" data-elementor-id=\"2083\" class=\"elementor elementor-2083 elementor-366\" data-elementor-post-type=\"page\">\n\t\t\t\t<div class=\"elementor-element elementor-element-380ed35 e-con-full e-flex e-con e-parent\" data-id=\"380ed35\" data-element_type=\"container\" data-e-type=\"container\" data-settings=\"{&quot;background_background&quot;:&quot;classic&quot;}\">\n\t\t\t\t<div class=\"elementor-element elementor-element-01d3218 elementor-widget__width-initial elementor-hidden-mobile elementor-widget elementor-widget-text-editor\" data-id=\"01d3218\" data-element_type=\"widget\" data-e-type=\"widget\" data-widget_type=\"text-editor.default\">\n\t\t\t\t<div class=\"elementor-widget-container\">\n\t\t\t\t\t\t\t\t\t<p>Nous \u00e9laborons ensemble des solutions en partenariat.<\/p>\t\t\t\t\t\t\t\t<\/div>\n\t\t\t\t<\/div>\n\t\t\t\t<div class=\"elementor-element elementor-element-bb4a9dd elementor-widget__width-initial elementor-widget elementor-widget-heading\" data-id=\"bb4a9dd\" data-element_type=\"widget\" data-e-type=\"widget\" data-widget_type=\"heading.default\">\n\t\t\t\t<div class=\"elementor-widget-container\">\n\t\t\t\t\t<h1 class=\"elementor-heading-title elementor-size-default\">Alliance\nTransformation num\u00e9rique dans le secteur de la sant\u00e9<\/h1>\t\t\t\t<\/div>\n\t\t\t\t<\/div>\n\t\t<div class=\"elementor-element elementor-element-62a2b08 e-con-full e-flex e-con e-child\" data-id=\"62a2b08\" data-element_type=\"container\" data-e-type=\"container\">\n\t\t\t\t<div class=\"elementor-element elementor-element-2527c893 elementor-widget__width-initial elementor-widget-mobile__width-inherit elementor-widget-tablet__width-inherit elementor-widget elementor-widget-text-editor\" data-id=\"2527c893\" data-element_type=\"widget\" data-e-type=\"widget\" data-widget_type=\"text-editor.default\">\n\t\t\t\t<div class=\"elementor-widget-container\">\n\t\t\t\t\t\t\t\t\t<h5><span style=\"color: #000000;\"><strong><span style=\"color: #ffcc00;\">\u2022<\/span> <\/strong><span style=\"color: #ffffff;\">L&rsquo;Alliance promeut une transformation num\u00e9rique b\u00e9n\u00e9fique dans le secteur de la sant\u00e9.<br><\/span><\/span><\/h5><h5><span style=\"color: #000000;\"><strong><span style=\"color: #ffcc00;\">\u2022<\/span> <\/strong><span style=\"color: #ffffff;\">Elle permet aux associations du secteur de la sant\u00e9 d&rsquo;\u00e9changer sur des sujets de sant\u00e9 num\u00e9rique.<\/span><\/span><\/h5>\t\t\t\t\t\t\t\t<\/div>\n\t\t\t\t<\/div>\n\t\t\t\t<div class=\"elementor-element elementor-element-415eef34 elementor-widget__width-initial elementor-widget-mobile__width-inherit elementor-widget-tablet__width-inherit elementor-widget elementor-widget-text-editor\" data-id=\"415eef34\" data-element_type=\"widget\" data-e-type=\"widget\" data-widget_type=\"text-editor.default\">\n\t\t\t\t<div class=\"elementor-widget-container\">\n\t\t\t\t\t\t\t\t\t<h5><span style=\"color: #000000;\"><strong><span style=\"color: #ffcc00;\">\u2022<\/span> <\/strong><span style=\"color: #ffffff;\">Elle identifie les int\u00e9r\u00eats communs entre les membres et \u00e9met des recommandations consolid\u00e9es \u00e0 l&rsquo;intention des responsables politiques et de l&rsquo;administration\n<\/span><\/span><\/h5>\t\t\t\t\t\t\t\t<\/div>\n\t\t\t\t<\/div>\n\t\t\t\t<\/div>\n\t\t\t\t<\/div>\n\t\t<div class=\"elementor-element elementor-element-df558cd e-con-full e-flex e-con e-parent\" data-id=\"df558cd\" data-element_type=\"container\" data-e-type=\"container\" data-settings=\"{&quot;background_background&quot;:&quot;classic&quot;}\">\n\t\t\t\t<div class=\"elementor-element elementor-element-2a7dc80 elementor-widget__width-inherit elementor-widget elementor-widget-heading\" data-id=\"2a7dc80\" data-element_type=\"widget\" data-e-type=\"widget\" data-widget_type=\"heading.default\">\n\t\t\t\t<div class=\"elementor-widget-container\">\n\t\t\t\t\t<h2 class=\"elementor-heading-title elementor-size-default\">Copr\u00e9sidence<\/h2>\t\t\t\t<\/div>\n\t\t\t\t<\/div>\n\t\t\t\t<div class=\"elementor-element elementor-element-9ef5646 elementor-widget__width-inherit elementor-widget-divider--view-line elementor-widget elementor-widget-divider\" data-id=\"9ef5646\" data-element_type=\"widget\" data-e-type=\"widget\" data-widget_type=\"divider.default\">\n\t\t\t\t<div class=\"elementor-widget-container\">\n\t\t\t\t\t\t\t<div class=\"elementor-divider\">\n\t\t\t<span class=\"elementor-divider-separator\">\n\t\t\t\t\t\t<\/span>\n\t\t<\/div>\n\t\t\t\t\t\t<\/div>\n\t\t\t\t<\/div>\n\t\t\t\t<\/div>\n\t\t<div class=\"elementor-element elementor-element-084c7b1 e-con-full elementor-hidden-tablet e-flex e-con e-parent\" data-id=\"084c7b1\" data-element_type=\"container\" data-e-type=\"container\" data-settings=\"{&quot;background_background&quot;:&quot;classic&quot;}\">\n\t\t<div class=\"elementor-element elementor-element-2ec5e22 e-con-full e-flex e-con e-child\" data-id=\"2ec5e22\" data-element_type=\"container\" data-e-type=\"container\">\n\t\t\t\t<div class=\"elementor-element elementor-element-9f9c5b0 elementor-widget__width-inherit elementor-widget elementor-widget-text-editor\" data-id=\"9f9c5b0\" data-element_type=\"widget\" data-e-type=\"widget\" data-widget_type=\"text-editor.default\">\n\t\t\t\t<div class=\"elementor-widget-container\">\n\t\t\t\t\t\t\t\t\t<h4><span style=\"color: #000000;\">Anna<br>Winter<\/span><\/h4><p>Copr\u00e9sidente<\/p>\t\t\t\t\t\t\t\t<\/div>\n\t\t\t\t<\/div>\n\t\t\t\t<div class=\"elementor-element elementor-element-5e0ba28 elementor-widget__width-initial elementor-widget elementor-widget-image\" data-id=\"5e0ba28\" data-element_type=\"widget\" data-e-type=\"widget\" data-widget_type=\"image.default\">\n\t\t\t\t<div class=\"elementor-widget-container\">\n\t\t\t\t\t\t\t\t\t\t\t\t\t\t\t<img fetchpriority=\"high\" decoding=\"async\" width=\"500\" height=\"500\" src=\"https:\/\/adtg.ch\/wp-content\/uploads\/2023\/10\/Indema-Anna-Winter-bearb-sw.png\" class=\"attachment-large size-large wp-image-2058\" alt=\"\" srcset=\"https:\/\/adtg.ch\/wp-content\/uploads\/2023\/10\/Indema-Anna-Winter-bearb-sw.png 500w, https:\/\/adtg.ch\/wp-content\/uploads\/2023\/10\/Indema-Anna-Winter-bearb-sw-300x300.png 300w, https:\/\/adtg.ch\/wp-content\/uploads\/2023\/10\/Indema-Anna-Winter-bearb-sw-150x150.png 150w\" sizes=\"(max-width: 500px) 100vw, 500px\" title=\"\">\t\t\t\t\t\t\t\t\t\t\t\t\t\t\t<\/div>\n\t\t\t\t<\/div>\n\t\t\t\t<div class=\"elementor-element elementor-element-3d181c8 elementor-widget__width-inherit elementor-widget elementor-widget-text-editor\" data-id=\"3d181c8\" data-element_type=\"widget\" data-e-type=\"widget\" data-widget_type=\"text-editor.default\">\n\t\t\t\t<div class=\"elementor-widget-container\">\n\t\t\t\t\t\t\t\t\t\u00ab Notre syst\u00e8me de sant\u00e9 d\u00e9pend d&rsquo;une num\u00e9risation de premier ordre et de bout en bout. Il a besoin de l&rsquo;alliance des associations, car dans un syst\u00e8me complexe, seule la participation de tous les acteurs concern\u00e9s permet de cr\u00e9er de bonnes solutions durables. \u00bb\t\t\t\t\t\t\t\t<\/div>\n\t\t\t\t<\/div>\n\t\t\t\t<\/div>\n\t\t<div class=\"elementor-element elementor-element-1ad06aa e-con-full e-flex e-con e-child\" data-id=\"1ad06aa\" data-element_type=\"container\" data-e-type=\"container\">\n\t\t\t\t<div class=\"elementor-element elementor-element-21dbd07 elementor-widget__width-inherit elementor-widget elementor-widget-text-editor\" data-id=\"21dbd07\" data-element_type=\"widget\" data-e-type=\"widget\" data-widget_type=\"text-editor.default\">\n\t\t\t\t<div class=\"elementor-widget-container\">\n\t\t\t\t\t\t\t\t\t<h4><span style=\"color: #000000;\">Dr.<br>Ulrich Schaefer<\/span><\/h4><p>Copr\u00e9sident<\/p>\t\t\t\t\t\t\t\t<\/div>\n\t\t\t\t<\/div>\n\t\t\t\t<div class=\"elementor-element elementor-element-77c2853 elementor-widget__width-initial elementor-widget elementor-widget-image\" data-id=\"77c2853\" data-element_type=\"widget\" data-e-type=\"widget\" data-widget_type=\"image.default\">\n\t\t\t\t<div class=\"elementor-widget-container\">\n\t\t\t\t\t\t\t\t\t\t\t\t\t\t\t<img decoding=\"async\" width=\"278\" height=\"278\" src=\"https:\/\/adtg.ch\/wp-content\/uploads\/2023\/10\/ulrich-schaefer-bearb-sw.png\" class=\"attachment-large size-large wp-image-2060\" alt=\"\" srcset=\"https:\/\/adtg.ch\/wp-content\/uploads\/2023\/10\/ulrich-schaefer-bearb-sw.png 278w, https:\/\/adtg.ch\/wp-content\/uploads\/2023\/10\/ulrich-schaefer-bearb-sw-150x150.png 150w\" sizes=\"(max-width: 278px) 100vw, 278px\" title=\"\">\t\t\t\t\t\t\t\t\t\t\t\t\t\t\t<\/div>\n\t\t\t\t<\/div>\n\t\t\t\t<div class=\"elementor-element elementor-element-0c7173b elementor-widget__width-inherit elementor-widget elementor-widget-text-editor\" data-id=\"0c7173b\" data-element_type=\"widget\" data-e-type=\"widget\" data-widget_type=\"text-editor.default\">\n\t\t\t\t<div class=\"elementor-widget-container\">\n\t\t\t\t\t\t\t\t\t\u00ab L&rsquo;\u00e9l\u00e9ment cl\u00e9 de la transformation num\u00e9rique dans le secteur de la sant\u00e9 est la mise en r\u00e9seau num\u00e9rique de tous les acteurs et institutions. Cela implique une coop\u00e9ration interprofessionnelle de tous les prestataires de soins et l&rsquo;implication des fournisseurs de solutions de sant\u00e9 num\u00e9riques. \u00bb\t\t\t\t\t\t\t\t<\/div>\n\t\t\t\t<\/div>\n\t\t\t\t<\/div>\n\t\t<div class=\"elementor-element elementor-element-f0adbc9 e-con-full e-flex e-con e-child\" data-id=\"f0adbc9\" data-element_type=\"container\" data-e-type=\"container\">\n\t\t\t\t<div class=\"elementor-element elementor-element-014062a elementor-widget__width-inherit elementor-widget elementor-widget-text-editor\" data-id=\"014062a\" data-element_type=\"widget\" data-e-type=\"widget\" data-widget_type=\"text-editor.default\">\n\t\t\t\t<div class=\"elementor-widget-container\">\n\t\t\t\t\t\t\t\t\t<h4><span style=\"color: #000000;\">lic.rer.oec<br>Esther Kraft<\/span><\/h4><p>Copr\u00e9sidente<\/p>\t\t\t\t\t\t\t\t<\/div>\n\t\t\t\t<\/div>\n\t\t\t\t<div class=\"elementor-element elementor-element-57062f5 elementor-widget__width-initial elementor-widget elementor-widget-image\" data-id=\"57062f5\" data-element_type=\"widget\" data-e-type=\"widget\" data-widget_type=\"image.default\">\n\t\t\t\t<div class=\"elementor-widget-container\">\n\t\t\t\t\t\t\t\t\t\t\t\t\t\t\t<img decoding=\"async\" src=\"https:\/\/adtg.ch\/wp-content\/uploads\/2024\/11\/portrait-adtg-copraesidentin-esther-kraft-sw.avif\" title=\"\" alt=\"Schwarzweiss-Portrait ADTG-Kopr\u00e4sidentin Esther Kraft\" loading=\"lazy\">\t\t\t\t\t\t\t\t\t\t\t\t\t\t\t<\/div>\n\t\t\t\t<\/div>\n\t\t\t\t<div class=\"elementor-element elementor-element-aa3534a elementor-widget__width-inherit elementor-widget elementor-widget-text-editor\" data-id=\"aa3534a\" data-element_type=\"widget\" data-e-type=\"widget\" data-widget_type=\"text-editor.default\">\n\t\t\t\t<div class=\"elementor-widget-container\">\n\t\t\t\t\t\t\t\t\t\u00ab La num\u00e9risation est utile si elle contribue \u00e0 am\u00e9liorer la qualit\u00e9 et la s\u00e9curit\u00e9 des soins et \u00e0 r\u00e9duire la charge administrative. \u00bb\t\t\t\t\t\t\t\t<\/div>\n\t\t\t\t<\/div>\n\t\t\t\t<\/div>\n\t\t\t\t<\/div>\n\t\t<div class=\"elementor-element elementor-element-94c5e4b e-con-full elementor-hidden-desktop elementor-hidden-tablet_extra elementor-hidden-mobile e-flex e-con e-parent\" data-id=\"94c5e4b\" data-element_type=\"container\" data-e-type=\"container\" data-settings=\"{&quot;background_background&quot;:&quot;classic&quot;}\">\n\t\t<div class=\"elementor-element elementor-element-898dbac e-con-full e-flex e-con e-child\" data-id=\"898dbac\" data-element_type=\"container\" data-e-type=\"container\">\n\t\t\t\t<div class=\"elementor-element elementor-element-536a648 elementor-widget__width-inherit elementor-widget elementor-widget-text-editor\" data-id=\"536a648\" data-element_type=\"widget\" data-e-type=\"widget\" data-widget_type=\"text-editor.default\">\n\t\t\t\t<div class=\"elementor-widget-container\">\n\t\t\t\t\t\t\t\t\t<h4><span style=\"color: #000000;\"><br>Anna<br>Winter <\/span><\/h4><p>Copr\u00e9sidente<\/p>\t\t\t\t\t\t\t\t<\/div>\n\t\t\t\t<\/div>\n\t\t\t\t<div class=\"elementor-element elementor-element-20699a5 elementor-widget__width-initial elementor-widget elementor-widget-image\" data-id=\"20699a5\" data-element_type=\"widget\" data-e-type=\"widget\" data-widget_type=\"image.default\">\n\t\t\t\t<div class=\"elementor-widget-container\">\n\t\t\t\t\t\t\t\t\t\t\t\t\t\t\t<img fetchpriority=\"high\" decoding=\"async\" width=\"500\" height=\"500\" src=\"https:\/\/adtg.ch\/wp-content\/uploads\/2023\/10\/Indema-Anna-Winter-bearb-sw.png\" class=\"attachment-large size-large wp-image-2058\" alt=\"\" srcset=\"https:\/\/adtg.ch\/wp-content\/uploads\/2023\/10\/Indema-Anna-Winter-bearb-sw.png 500w, https:\/\/adtg.ch\/wp-content\/uploads\/2023\/10\/Indema-Anna-Winter-bearb-sw-300x300.png 300w, https:\/\/adtg.ch\/wp-content\/uploads\/2023\/10\/Indema-Anna-Winter-bearb-sw-150x150.png 150w\" sizes=\"(max-width: 500px) 100vw, 500px\" title=\"\">\t\t\t\t\t\t\t\t\t\t\t\t\t\t\t<\/div>\n\t\t\t\t<\/div>\n\t\t\t\t<div class=\"elementor-element elementor-element-0714f72 elementor-widget__width-inherit elementor-widget elementor-widget-text-editor\" data-id=\"0714f72\" data-element_type=\"widget\" data-e-type=\"widget\" data-widget_type=\"text-editor.default\">\n\t\t\t\t<div class=\"elementor-widget-container\">\n\t\t\t\t\t\t\t\t\t\u00ab Notre syst\u00e8me de sant\u00e9 est tributaire d&rsquo;une num\u00e9risation de premier ordre et de bout en bout. Il a besoin de l&rsquo;alliance des associations, car dans un syst\u00e8me complexe, seule la participation de tous les acteurs pertinents permet de cr\u00e9er de bonnes solutions durables. \u00bb\t\t\t\t\t\t\t\t<\/div>\n\t\t\t\t<\/div>\n\t\t\t\t<\/div>\n\t\t<div class=\"elementor-element elementor-element-cec200e e-con-full e-flex e-con e-child\" data-id=\"cec200e\" data-element_type=\"container\" data-e-type=\"container\">\n\t\t\t\t<div class=\"elementor-element elementor-element-565653f elementor-widget__width-inherit elementor-widget elementor-widget-text-editor\" data-id=\"565653f\" data-element_type=\"widget\" data-e-type=\"widget\" data-widget_type=\"text-editor.default\">\n\t\t\t\t<div class=\"elementor-widget-container\">\n\t\t\t\t\t\t\t\t\t<h4><span style=\"color: #000000;\">Dr.<br>Ulrich Schaefer<\/span><\/h4>\n<p>Copr\u00e9sident<\/p>\t\t\t\t\t\t\t\t<\/div>\n\t\t\t\t<\/div>\n\t\t\t\t<div class=\"elementor-element elementor-element-3770dc7 elementor-widget__width-initial elementor-widget elementor-widget-image\" data-id=\"3770dc7\" data-element_type=\"widget\" data-e-type=\"widget\" data-widget_type=\"image.default\">\n\t\t\t\t<div class=\"elementor-widget-container\">\n\t\t\t\t\t\t\t\t\t\t\t\t\t\t\t<img decoding=\"async\" width=\"278\" height=\"278\" src=\"https:\/\/adtg.ch\/wp-content\/uploads\/2023\/10\/ulrich-schaefer-bearb-sw.png\" class=\"attachment-large size-large wp-image-2060\" alt=\"\" srcset=\"https:\/\/adtg.ch\/wp-content\/uploads\/2023\/10\/ulrich-schaefer-bearb-sw.png 278w, https:\/\/adtg.ch\/wp-content\/uploads\/2023\/10\/ulrich-schaefer-bearb-sw-150x150.png 150w\" sizes=\"(max-width: 278px) 100vw, 278px\" title=\"\">\t\t\t\t\t\t\t\t\t\t\t\t\t\t\t<\/div>\n\t\t\t\t<\/div>\n\t\t\t\t<div class=\"elementor-element elementor-element-d469f58 elementor-widget__width-inherit elementor-widget elementor-widget-text-editor\" data-id=\"d469f58\" data-element_type=\"widget\" data-e-type=\"widget\" data-widget_type=\"text-editor.default\">\n\t\t\t\t<div class=\"elementor-widget-container\">\n\t\t\t\t\t\t\t\t\t\u00ab L&rsquo;\u00e9l\u00e9ment cl\u00e9 de la transformation num\u00e9rique dans le secteur de la sant\u00e9 est la mise en r\u00e9seau num\u00e9rique de tous les acteurs et institutions. Cela implique une coop\u00e9ration interprofessionnelle de tous les prestataires de soins et l&rsquo;implication des fournisseurs de solutions de sant\u00e9 num\u00e9riques \u00bb.\t\t\t\t\t\t\t\t<\/div>\n\t\t\t\t<\/div>\n\t\t\t\t<\/div>\n\t\t<div class=\"elementor-element elementor-element-d9e8f4e e-con-full e-flex e-con e-child\" data-id=\"d9e8f4e\" data-element_type=\"container\" data-e-type=\"container\">\n\t\t\t\t<div class=\"elementor-element elementor-element-47978da elementor-widget__width-inherit elementor-widget elementor-widget-text-editor\" data-id=\"47978da\" data-element_type=\"widget\" data-e-type=\"widget\" data-widget_type=\"text-editor.default\">\n\t\t\t\t<div class=\"elementor-widget-container\">\n\t\t\t\t\t\t\t\t\t<h4><span style=\"color: #000000;\">lic.rer.oec<br>Esther<br>Kraft<\/span><\/h4><p>Copr\u00e9sidente<\/p>\t\t\t\t\t\t\t\t<\/div>\n\t\t\t\t<\/div>\n\t\t\t\t<div class=\"elementor-element elementor-element-d7e9145 elementor-widget__width-initial elementor-widget elementor-widget-image\" data-id=\"d7e9145\" data-element_type=\"widget\" data-e-type=\"widget\" data-widget_type=\"image.default\">\n\t\t\t\t<div class=\"elementor-widget-container\">\n\t\t\t\t\t\t\t\t\t\t\t\t\t\t\t<img decoding=\"async\" width=\"440\" height=\"440\" src=\"https:\/\/adtg.ch\/wp-content\/uploads\/2024\/11\/portrait-adtg-copraesidentin-esther-kraft-sw-1.webp\" class=\"attachment-large size-large wp-image-3115\" alt=\"\" srcset=\"https:\/\/adtg.ch\/wp-content\/uploads\/2024\/11\/portrait-adtg-copraesidentin-esther-kraft-sw-1.webp 440w, https:\/\/adtg.ch\/wp-content\/uploads\/2024\/11\/portrait-adtg-copraesidentin-esther-kraft-sw-1-300x300.webp 300w, https:\/\/adtg.ch\/wp-content\/uploads\/2024\/11\/portrait-adtg-copraesidentin-esther-kraft-sw-1-150x150.webp 150w\" sizes=\"(max-width: 440px) 100vw, 440px\" title=\"\">\t\t\t\t\t\t\t\t\t\t\t\t\t\t\t<\/div>\n\t\t\t\t<\/div>\n\t\t\t\t<div class=\"elementor-element elementor-element-b8eae4f elementor-widget__width-inherit elementor-widget elementor-widget-text-editor\" data-id=\"b8eae4f\" data-element_type=\"widget\" data-e-type=\"widget\" data-widget_type=\"text-editor.default\">\n\t\t\t\t<div class=\"elementor-widget-container\">\n\t\t\t\t\t\t\t\t\t\u00ab Le potentiel de la num\u00e9risation dans le secteur de la sant\u00e9 progresse lentement. Ensemble, nous voulons am\u00e9liorer l&rsquo;efficacit\u00e9 du syst\u00e8me de sant\u00e9 \u00bb.\t\t\t\t\t\t\t\t<\/div>\n\t\t\t\t<\/div>\n\t\t\t\t<\/div>\n\t\t\t\t<\/div>\n\t\t<div class=\"elementor-element elementor-element-41e42af e-flex e-con-boxed e-con e-parent\" data-id=\"41e42af\" data-element_type=\"container\" data-e-type=\"container\" data-settings=\"{&quot;background_background&quot;:&quot;classic&quot;}\">\n\t\t\t\t\t<div class=\"e-con-inner\">\n\t\t\t\t<div class=\"elementor-element elementor-element-c00e16b elementor-widget__width-initial elementor-widget-mobile__width-inherit elementor-widget elementor-widget-text-editor\" data-id=\"c00e16b\" data-element_type=\"widget\" data-e-type=\"widget\" data-widget_type=\"text-editor.default\">\n\t\t\t\t<div class=\"elementor-widget-container\">\n\t\t\t\t\t\t\t\t\t<h3>Adh\u00e9sion<\/h3>\t\t\t\t\t\t\t\t<\/div>\n\t\t\t\t<\/div>\n\t\t\t\t<div class=\"elementor-element elementor-element-fa1677f elementor-widget__width-inherit elementor-widget-divider--view-line elementor-widget elementor-widget-divider\" data-id=\"fa1677f\" data-element_type=\"widget\" data-e-type=\"widget\" data-widget_type=\"divider.default\">\n\t\t\t\t<div class=\"elementor-widget-container\">\n\t\t\t\t\t\t\t<div class=\"elementor-divider\">\n\t\t\t<span class=\"elementor-divider-separator\">\n\t\t\t\t\t\t<\/span>\n\t\t<\/div>\n\t\t\t\t\t\t<\/div>\n\t\t\t\t<\/div>\n\t\t\t\t\t<\/div>\n\t\t\t\t<\/div>\n\t\t<div class=\"elementor-element elementor-element-adb3c73 e-flex e-con-boxed e-con e-parent\" data-id=\"adb3c73\" data-element_type=\"container\" data-e-type=\"container\" data-settings=\"{&quot;background_background&quot;:&quot;classic&quot;}\">\n\t\t\t\t\t<div class=\"e-con-inner\">\n\t\t<div class=\"elementor-element elementor-element-bdc0482 e-con-full e-flex e-con e-child\" data-id=\"bdc0482\" data-element_type=\"container\" data-e-type=\"container\">\n\t\t\t\t<div class=\"elementor-element elementor-element-49b72dd elementor-widget__width-inherit elementor-widget elementor-widget-text-editor\" data-id=\"49b72dd\" data-element_type=\"widget\" data-e-type=\"widget\" data-widget_type=\"text-editor.default\">\n\t\t\t\t<div class=\"elementor-widget-container\">\n\t\t\t\t\t\t\t\t\t<h5><span style=\"color: #000000;\">Les associations sectorielles, professionnelles ou les organisations actives dans le domaine de la sant\u00e9 peuvent devenir membres. <\/span><\/h5>\t\t\t\t\t\t\t\t<\/div>\n\t\t\t\t<\/div>\n\t\t\t\t<\/div>\n\t\t<div class=\"elementor-element elementor-element-e5b052b e-con-full e-flex e-con e-child\" data-id=\"e5b052b\" data-element_type=\"container\" data-e-type=\"container\">\n\t\t\t\t<div class=\"elementor-element elementor-element-fc95d63 elementor-align-justify elementor-mobile-align-center elementor-widget__width-inherit elementor-widget elementor-widget-button\" data-id=\"fc95d63\" data-element_type=\"widget\" data-e-type=\"widget\" data-widget_type=\"button.default\">\n\t\t\t\t<div class=\"elementor-widget-container\">\n\t\t\t\t\t\t\t\t\t<div class=\"elementor-button-wrapper\">\n\t\t\t\t\t<a class=\"elementor-button elementor-button-link elementor-size-md\" href=\"https:\/\/adtg.ch\/fr\/membres\/\">\n\t\t\t\t\t\t<span class=\"elementor-button-content-wrapper\">\n\t\t\t\t\t\t<span class=\"elementor-button-icon\">\n\t\t\t\t<svg aria-hidden=\"true\" class=\"e-font-icon-svg e-fas-arrow-right\" viewBox=\"0 0 448 512\" xmlns=\"http:\/\/www.w3.org\/2000\/svg\"><path d=\"M190.5 66.9l22.2-22.2c9.4-9.4 24.6-9.4 33.9 0L441 239c9.4 9.4 9.4 24.6 0 33.9L246.6 467.3c-9.4 9.4-24.6 9.4-33.9 0l-22.2-22.2c-9.5-9.5-9.3-25 .4-34.3L311.4 296H24c-13.3 0-24-10.7-24-24v-32c0-13.3 10.7-24 24-24h287.4L190.9 101.2c-9.8-9.3-10-24.8-.4-34.3z\"><\/path><\/svg>\t\t\t<\/span>\n\t\t\t\t\t\t\t\t\t<span class=\"elementor-button-text\">Devenir membre<\/span>\n\t\t\t\t\t<\/span>\n\t\t\t\t\t<\/a>\n\t\t\t\t<\/div>\n\t\t\t\t\t\t\t\t<\/div>\n\t\t\t\t<\/div>\n\t\t\t\t<\/div>\n\t\t\t\t\t<\/div>\n\t\t\t\t<\/div>\n\t\t\t\t<\/div>\n\t\t","protected":false},"excerpt":{"rendered":"<p>Nous \u00e9laborons ensemble des solutions en partenariat. Alliance Transformation num\u00e9rique dans le secteur de la sant\u00e9 \u2022 L&rsquo;Alliance promeut une transformation num\u00e9rique b\u00e9n\u00e9fique dans le secteur de la sant\u00e9. \u2022 Elle permet aux associations du secteur de la sant\u00e9 d&rsquo;\u00e9changer sur des sujets de sant\u00e9 num\u00e9rique. \u2022 Elle identifie les int\u00e9r\u00eats communs entre les membres [&hellip;]<\/p>\n","protected":false},"author":1,"featured_media":0,"parent":0,"menu_order":0,"comment_status":"closed","ping_status":"closed","template":"","meta":{"site-sidebar-layout":"default","site-content-layout":"","ast-site-content-layout":"default","site-content-style":"default","site-sidebar-style":"default","ast-global-header-display":"","ast-banner-title-visibility":"","ast-main-header-display":"","ast-hfb-above-header-display":"","ast-hfb-below-header-display":"","ast-hfb-mobile-header-display":"","site-post-title":"disabled","ast-breadcrumbs-content":"","ast-featured-img":"","footer-sml-layout":"","ast-disable-related-posts":"","theme-transparent-header-meta":"","adv-header-id-meta":"","stick-header-meta":"","header-above-stick-meta":"","header-main-stick-meta":"","header-below-stick-meta":"","astra-migrate-meta-layouts":"default","ast-page-background-enabled":"default","ast-page-background-meta":{"desktop":{"background-color":"var(--ast-global-color-4)","background-image":"","background-repeat":"repeat","background-position":"center center","background-size":"auto","background-attachment":"scroll","background-type":"","background-media":"","overlay-type":"","overlay-color":"","overlay-opacity":"","overlay-gradient":""},"tablet":{"background-color":"","background-image":"","background-repeat":"repeat","background-position":"center center","background-size":"auto","background-attachment":"scroll","background-type":"","background-media":"","overlay-type":"","overlay-color":"","overlay-opacity":"","overlay-gradient":""},"mobile":{"background-color":"","background-image":"","background-repeat":"repeat","background-position":"center center","background-size":"auto","background-attachment":"scroll","background-type":"","background-media":"","overlay-type":"","overlay-color":"","overlay-opacity":"","overlay-gradient":""}},"ast-content-background-meta":{"desktop":{"background-color":"var(--ast-global-color-5)","background-image":"","background-repeat":"repeat","background-position":"center center","background-size":"auto","background-attachment":"scroll","background-type":"","background-media":"","overlay-type":"","overlay-color":"","overlay-opacity":"","overlay-gradient":""},"tablet":{"background-color":"var(--ast-global-color-5)","background-image":"","background-repeat":"repeat","background-position":"center center","background-size":"auto","background-attachment":"scroll","background-type":"","background-media":"","overlay-type":"","overlay-color":"","overlay-opacity":"","overlay-gradient":""},"mobile":{"background-color":"var(--ast-global-color-5)","background-image":"","background-repeat":"repeat","background-position":"center center","background-size":"auto","background-attachment":"scroll","background-type":"","background-media":"","overlay-type":"","overlay-color":"","overlay-opacity":"","overlay-gradient":""}},"footnotes":""},"class_list":["post-2083","page","type-page","status-publish","hentry"],"_links":{"self":[{"href":"https:\/\/adtg.ch\/fr\/wp-json\/wp\/v2\/pages\/2083","targetHints":{"allow":["GET"]}}],"collection":[{"href":"https:\/\/adtg.ch\/fr\/wp-json\/wp\/v2\/pages"}],"about":[{"href":"https:\/\/adtg.ch\/fr\/wp-json\/wp\/v2\/types\/page"}],"author":[{"embeddable":true,"href":"https:\/\/adtg.ch\/fr\/wp-json\/wp\/v2\/users\/1"}],"replies":[{"embeddable":true,"href":"https:\/\/adtg.ch\/fr\/wp-json\/wp\/v2\/comments?post=2083"}],"version-history":[{"count":20,"href":"https:\/\/adtg.ch\/fr\/wp-json\/wp\/v2\/pages\/2083\/revisions"}],"predecessor-version":[{"id":3603,"href":"https:\/\/adtg.ch\/fr\/wp-json\/wp\/v2\/pages\/2083\/revisions\/3603"}],"wp:attachment":[{"href":"https:\/\/adtg.ch\/fr\/wp-json\/wp\/v2\/media?parent=2083"}],"curies":[{"name":"wp","href":"https:\/\/api.w.org\/{rel}","templated":true}]}}