{"id":2085,"date":"2023-10-08T19:18:14","date_gmt":"2023-10-08T17:18:14","guid":{"rendered":"https:\/\/adtg.ch\/comites\/"},"modified":"2026-02-11T19:23:26","modified_gmt":"2026-02-11T18:23:26","slug":"comites","status":"publish","type":"page","link":"https:\/\/adtg.ch\/fr\/comites\/","title":{"rendered":"Comit\u00e9s"},"content":{"rendered":"\t\t<div data-elementor-type=\"wp-page\" data-elementor-id=\"2085\" class=\"elementor elementor-2085 elementor-566\" data-elementor-post-type=\"page\">\n\t\t\t\t<div class=\"elementor-element elementor-element-380ed35 e-con-full e-flex e-con e-parent\" data-id=\"380ed35\" data-element_type=\"container\" data-e-type=\"container\" data-settings=\"{&quot;background_background&quot;:&quot;classic&quot;}\">\n\t\t<div class=\"elementor-element elementor-element-22e4501 e-con-full elementor-hidden-mobile e-flex e-con e-child\" data-id=\"22e4501\" data-element_type=\"container\" data-e-type=\"container\">\n\t\t\t\t<\/div>\n\t\t\t\t<div class=\"elementor-element elementor-element-bb4a9dd elementor-widget__width-initial elementor-widget-mobile__width-inherit elementor-widget elementor-widget-heading\" data-id=\"bb4a9dd\" data-element_type=\"widget\" data-e-type=\"widget\" data-widget_type=\"heading.default\">\n\t\t\t\t<div class=\"elementor-widget-container\">\n\t\t\t\t\t<h1 class=\"elementor-heading-title elementor-size-default\">T\u00e2ches<\/h1>\t\t\t\t<\/div>\n\t\t\t\t<\/div>\n\t\t\t\t<\/div>\n\t\t<div class=\"elementor-element elementor-element-ac2b35d e-con-full e-flex e-con e-parent\" data-id=\"ac2b35d\" data-element_type=\"container\" data-e-type=\"container\" data-settings=\"{&quot;background_background&quot;:&quot;classic&quot;}\">\n\t\t\t\t<div class=\"elementor-element elementor-element-25dbee1 elementor-widget__width-initial elementor-widget elementor-widget-text-editor\" data-id=\"25dbee1\" data-element_type=\"widget\" data-e-type=\"widget\" data-widget_type=\"text-editor.default\">\n\t\t\t\t<div class=\"elementor-widget-container\">\n\t\t\t\t\t\t\t\t\t<p><span style=\"color: #ffcc00;\"><strong>\u2022 <\/strong><\/span>L&rsquo;alliance d\u00e9finit des objectifs, \u00e9value les chances et les risques, et participe de mani\u00e8re proactive \u00e0 la transformation num\u00e9rique.<\/p>\t\t\t\t\t\t\t\t<\/div>\n\t\t\t\t<\/div>\n\t\t<div class=\"elementor-element elementor-element-ec75026 e-con-full elementor-hidden-mobile e-flex e-con e-child\" data-id=\"ec75026\" data-element_type=\"container\" data-e-type=\"container\">\n\t\t\t\t<\/div>\n\t\t\t\t<\/div>\n\t\t<div class=\"elementor-element elementor-element-696487b e-con-full e-flex e-con e-parent\" data-id=\"696487b\" data-element_type=\"container\" data-e-type=\"container\" data-settings=\"{&quot;background_background&quot;:&quot;classic&quot;}\">\n\t\t<div class=\"elementor-element elementor-element-687bad4 e-con-full elementor-hidden-mobile e-flex e-con e-child\" data-id=\"687bad4\" data-element_type=\"container\" data-e-type=\"container\">\n\t\t\t\t<\/div>\n\t\t\t\t<div class=\"elementor-element elementor-element-322c533 elementor-widget__width-initial elementor-widget-mobile__width-inherit elementor-widget elementor-widget-text-editor\" data-id=\"322c533\" data-element_type=\"widget\" data-e-type=\"widget\" data-widget_type=\"text-editor.default\">\n\t\t\t\t<div class=\"elementor-widget-container\">\n\t\t\t\t\t\t\t\t\t<p><span style=\"color: #ffcc00;\"><strong>\u2022 <\/strong><\/span>Elle d\u00e9finit les conditions juridiques, organisationnelles et financi\u00e8res n\u00e9cessaires \u00e0 la r\u00e9ussite de la transformation num\u00e9rique dans le secteur de la sant\u00e9.<\/p>\t\t\t\t\t\t\t\t<\/div>\n\t\t\t\t<\/div>\n\t\t\t\t<\/div>\n\t\t<div class=\"elementor-element elementor-element-891517c e-con-full e-flex e-con e-parent\" data-id=\"891517c\" data-element_type=\"container\" data-e-type=\"container\" data-settings=\"{&quot;background_background&quot;:&quot;classic&quot;}\">\n\t\t\t\t<div class=\"elementor-element elementor-element-789810c elementor-widget__width-initial elementor-widget elementor-widget-text-editor\" data-id=\"789810c\" data-element_type=\"widget\" data-e-type=\"widget\" data-widget_type=\"text-editor.default\">\n\t\t\t\t<div class=\"elementor-widget-container\">\n\t\t\t\t\t\t\t\t\t<span style=\"color: #ffcc00;\"><strong>\u2022 <\/strong><\/span>Elle \u00e9labore des propositions de modifications prioritaires de lois et d&rsquo;ordonnances qui b\u00e9n\u00e9ficient d&rsquo;un large soutien parmi ses membres\t\t\t\t\t\t\t\t<\/div>\n\t\t\t\t<\/div>\n\t\t<div class=\"elementor-element elementor-element-1c8473d e-con-full elementor-hidden-mobile e-flex e-con e-child\" data-id=\"1c8473d\" data-element_type=\"container\" data-e-type=\"container\">\n\t\t\t\t<\/div>\n\t\t\t\t<\/div>\n\t\t<div class=\"elementor-element elementor-element-53c2e9f e-con-full e-flex e-con e-parent\" data-id=\"53c2e9f\" data-element_type=\"container\" data-e-type=\"container\" data-settings=\"{&quot;background_background&quot;:&quot;classic&quot;}\">\n\t\t\t\t<div class=\"elementor-element elementor-element-6d6aadf elementor-widget__width-inherit elementor-widget elementor-widget-heading\" data-id=\"6d6aadf\" data-element_type=\"widget\" data-e-type=\"widget\" data-widget_type=\"heading.default\">\n\t\t\t\t<div class=\"elementor-widget-container\">\n\t\t\t\t\t<h2 class=\"elementor-heading-title elementor-size-default\">Comit\u00e9s<\/h2>\t\t\t\t<\/div>\n\t\t\t\t<\/div>\n\t\t\t\t<div class=\"elementor-element elementor-element-2332ab2 elementor-widget__width-inherit elementor-widget-divider--view-line elementor-widget elementor-widget-divider\" data-id=\"2332ab2\" data-element_type=\"widget\" data-e-type=\"widget\" data-widget_type=\"divider.default\">\n\t\t\t\t<div class=\"elementor-widget-container\">\n\t\t\t\t\t\t\t<div class=\"elementor-divider\">\n\t\t\t<span class=\"elementor-divider-separator\">\n\t\t\t\t\t\t<\/span>\n\t\t<\/div>\n\t\t\t\t\t\t<\/div>\n\t\t\t\t<\/div>\n\t\t\t\t<\/div>\n\t\t<div class=\"elementor-element elementor-element-649a672 e-con-full e-flex e-con e-parent\" data-id=\"649a672\" data-element_type=\"container\" data-e-type=\"container\" data-settings=\"{&quot;background_background&quot;:&quot;classic&quot;}\">\n\t\t\t\t<div class=\"elementor-element elementor-element-598543d elementor-widget__width-inherit elementor-widget elementor-widget-text-editor\" data-id=\"598543d\" data-element_type=\"widget\" data-e-type=\"widget\" data-widget_type=\"text-editor.default\">\n\t\t\t\t<div class=\"elementor-widget-container\">\n\t\t\t\t\t\t\t\t\t<h4><span style=\"color: #000000;\">Copr\u00e9sidence<\/span><\/h4><p>Anna Winter, <span style=\"color: #cacaca;\">IG eHealth<\/span><br>Ulrich Schaefer, <span style=\"color: #cacaca;\">pharmaSuisse<\/span><br>Esther Kraft, <span style=\"color: #cacaca;\">FMH<\/span><\/p>\t\t\t\t\t\t\t\t<\/div>\n\t\t\t\t<\/div>\n\t\t\t\t<div class=\"elementor-element elementor-element-53d1b95 elementor-widget__width-inherit elementor-widget elementor-widget-text-editor\" data-id=\"53d1b95\" data-element_type=\"widget\" data-e-type=\"widget\" data-widget_type=\"text-editor.default\">\n\t\t\t\t<div class=\"elementor-widget-container\">\n\t\t\t\t\t\t\t\t\t<h4><span style=\"color: #000000;\">Membres du conseil d&rsquo;administration<br><\/span><\/h4><p><span data-olk-copy-source=\"MessageBody\">Marie-Jeanne Semnar<\/span>, <span style=\"color: #cacaca;\">Interpharma<\/span><br>Fridolin Marty, <span style=\"color: #cacaca;\">Economiesuisse<\/span><br>Anne van Berkel Meier, <br><span style=\"color: #cacaca;\">GS1 Switzerland<\/span><\/p>\t\t\t\t\t\t\t\t<\/div>\n\t\t\t\t<\/div>\n\t\t\t\t<div class=\"elementor-element elementor-element-fcf9ce8 elementor-widget__width-inherit elementor-widget elementor-widget-text-editor\" data-id=\"fcf9ce8\" data-element_type=\"widget\" data-e-type=\"widget\" data-widget_type=\"text-editor.default\">\n\t\t\t\t<div class=\"elementor-widget-container\">\n\t\t\t\t\t\t\t\t\t<h4><span style=\"color: #000000;\">Direction\n<\/span><\/h4>\nStefan Wild,\n<br><span style=\"color: #cacaca;\">Gesundheit Netzwerk Politik<\/span>\n<br><a style=\"color: #ffffff;\" href=\"&#x6d;a&#x69;&#108;&#x74;&#x6f;:&#x73;&#116;&#x65;&#x66;a&#x6e;&#45;&#x77;&#x69;l&#x64;&#64;&#x62;&#x6c;u&#x65;&#119;&#x69;&#x6e;&#46;&#x63;&#104;\">&#x73;&#116;e&#x66;&#97;&#110;&#x2d;&#x77;&#105;l&#x64;&#64;b&#x6c;&#x75;&#101;w&#x69;&#110;&#46;&#x63;&#x68;<\/a>\n<br><a style=\"color: #ffffff;\" href=\"tel:+41794671580\">+41 (0)79 467 15 80<\/a>\t\t\t\t\t\t\t\t<\/div>\n\t\t\t\t<\/div>\n\t\t\t\t<\/div>\n\t\t<div class=\"elementor-element elementor-element-41e42af e-con-full e-flex e-con e-parent\" data-id=\"41e42af\" data-element_type=\"container\" data-e-type=\"container\" data-settings=\"{&quot;background_background&quot;:&quot;classic&quot;}\">\n\t\t<div class=\"elementor-element elementor-element-e121605 e-con-full e-flex e-con e-child\" data-id=\"e121605\" data-element_type=\"container\" data-e-type=\"container\">\n\t\t\t\t<div class=\"elementor-element elementor-element-e4185ba elementor-widget elementor-widget-heading\" data-id=\"e4185ba\" data-element_type=\"widget\" data-e-type=\"widget\" data-widget_type=\"heading.default\">\n\t\t\t\t<div class=\"elementor-widget-container\">\n\t\t\t\t\t<h2 class=\"elementor-heading-title elementor-size-default\">Groupes de travail<\/h2>\t\t\t\t<\/div>\n\t\t\t\t<\/div>\n\t\t<div class=\"elementor-element elementor-element-b32d547 e-con-full e-flex e-con e-child\" data-id=\"b32d547\" data-element_type=\"container\" data-e-type=\"container\">\n\t\t\t\t<div class=\"elementor-element elementor-element-699b6bb elementor-widget__width-initial elementor-widget-tablet__width-inherit elementor-widget elementor-widget-toggle\" data-id=\"699b6bb\" data-element_type=\"widget\" data-e-type=\"widget\" data-widget_type=\"toggle.default\">\n\t\t\t\t<div class=\"elementor-widget-container\">\n\t\t\t\t\t\t\t<div class=\"elementor-toggle\">\n\t\t\t\t\t\t\t<div class=\"elementor-toggle-item\">\n\t\t\t\t\t<h4 id=\"elementor-tab-title-1101\" class=\"elementor-tab-title\" data-tab=\"1\" role=\"button\" aria-controls=\"elementor-tab-content-1101\" aria-expanded=\"false\">\n\t\t\t\t\t\t\t\t\t\t\t\t<span class=\"elementor-toggle-icon elementor-toggle-icon-right\" aria-hidden=\"true\">\n\t\t\t\t\t\t\t\t\t\t\t\t\t\t\t<span class=\"elementor-toggle-icon-closed\"><svg xmlns=\"http:\/\/www.w3.org\/2000\/svg\" width=\"96\" height=\"96\" viewBox=\"0 0 96 96\"><g transform=\"translate(-1259 -2329)\"><g transform=\"translate(1170 109)\"><line x2=\"54\" transform=\"translate(110.5 2267.5)\" fill=\"none\" stroke=\"#a8a7a7\" stroke-width=\"8\"><\/line><line y1=\"54\" transform=\"translate(137.5 2240.5)\" fill=\"none\" stroke=\"#a8a7a7\" stroke-width=\"8\"><\/line><\/g><circle cx=\"45\" cy=\"45\" r=\"45\" transform=\"translate(1262 2332)\" fill=\"none\" stroke=\"#fad832\" stroke-miterlimit=\"10\" stroke-width=\"6\"><\/circle><\/g><\/svg><\/span>\n\t\t\t\t\t\t\t\t<span class=\"elementor-toggle-icon-opened\"><svg xmlns=\"http:\/\/www.w3.org\/2000\/svg\" width=\"96\" height=\"96\" viewBox=\"0 0 96 96\"><g transform=\"translate(-1259 -2193)\"><line x2=\"54\" transform=\"translate(1280.5 2240.5)\" fill=\"none\" stroke=\"#a8a7a7\" stroke-width=\"8\"><\/line><circle cx=\"45\" cy=\"45\" r=\"45\" transform=\"translate(1262 2196)\" fill=\"none\" stroke=\"#fad832\" stroke-miterlimit=\"10\" stroke-width=\"6\"><\/circle><\/g><\/svg><\/span>\n\t\t\t\t\t\t\t\t\t\t\t\t\t<\/span>\n\t\t\t\t\t\t\t\t\t\t\t\t<a class=\"elementor-toggle-title\" tabindex=\"0\">Groupe de travail R\u00e9vision globale de l'EGDG <br>Co-direction : Esther Kraft (FMH), Walter St\u00fcdeli (GI eHealth)<\/a>\n\t\t\t\t\t<\/h4>\n\n\t\t\t\t\t<div id=\"elementor-tab-content-1101\" class=\"elementor-tab-content elementor-clearfix\" data-tab=\"1\" role=\"region\" aria-labelledby=\"elementor-tab-title-1101\"><p>Les avantages attendus du DEP ne peuvent \u00eatre r\u00e9alis\u00e9s que si le DEP peut \u00eatre utilis\u00e9 de mani\u00e8re efficace et efficiente par la population et les professionnels de la sant\u00e9. Une valeur ajout\u00e9e pour le syst\u00e8me de sant\u00e9 n&rsquo;est possible que si les informations contenues dans le DEP sont int\u00e9gr\u00e9es de mani\u00e8re aussi transparente que possible dans les processus de soins et peuvent \u00eatre utilis\u00e9es plusieurs fois. En revanche, dans sa forme actuelle, le DEP n&rsquo;est qu&rsquo;un d\u00e9p\u00f4t statique de documents pertinents pour le traitement.<\/p>\n<p>Le groupe de travail DEP se penche sur la question prospective de savoir comment les conditions cadres technologiques et l\u00e9gales doivent \u00eatre d\u00e9velopp\u00e9es pour que le DEP puisse \u00eatre utilis\u00e9 de mani\u00e8re judicieuse dans l&rsquo;ensemble du processus de traitement.<\/p>\n<p><strong><a href=\"https:\/\/adtg.ch\/wp-content\/uploads\/2023\/10\/2023-10-10_AG-EPDG_One-pager_DEF.pdf\" target=\"_blank\" rel=\"noopener\">One-Pager Groupe de travail LDEP du 10.10.2023<\/a><\/strong><\/p>\n<\/div>\n\t\t\t\t<\/div>\n\t\t\t\t\t\t\t<div class=\"elementor-toggle-item\">\n\t\t\t\t\t<h4 id=\"elementor-tab-title-1102\" class=\"elementor-tab-title\" data-tab=\"2\" role=\"button\" aria-controls=\"elementor-tab-content-1102\" aria-expanded=\"false\">\n\t\t\t\t\t\t\t\t\t\t\t\t<span class=\"elementor-toggle-icon elementor-toggle-icon-right\" aria-hidden=\"true\">\n\t\t\t\t\t\t\t\t\t\t\t\t\t\t\t<span class=\"elementor-toggle-icon-closed\"><svg xmlns=\"http:\/\/www.w3.org\/2000\/svg\" width=\"96\" height=\"96\" viewBox=\"0 0 96 96\"><g transform=\"translate(-1259 -2329)\"><g transform=\"translate(1170 109)\"><line x2=\"54\" transform=\"translate(110.5 2267.5)\" fill=\"none\" stroke=\"#a8a7a7\" stroke-width=\"8\"><\/line><line y1=\"54\" transform=\"translate(137.5 2240.5)\" fill=\"none\" stroke=\"#a8a7a7\" stroke-width=\"8\"><\/line><\/g><circle cx=\"45\" cy=\"45\" r=\"45\" transform=\"translate(1262 2332)\" fill=\"none\" stroke=\"#fad832\" stroke-miterlimit=\"10\" stroke-width=\"6\"><\/circle><\/g><\/svg><\/span>\n\t\t\t\t\t\t\t\t<span class=\"elementor-toggle-icon-opened\"><svg xmlns=\"http:\/\/www.w3.org\/2000\/svg\" width=\"96\" height=\"96\" viewBox=\"0 0 96 96\"><g transform=\"translate(-1259 -2193)\"><line x2=\"54\" transform=\"translate(1280.5 2240.5)\" fill=\"none\" stroke=\"#a8a7a7\" stroke-width=\"8\"><\/line><circle cx=\"45\" cy=\"45\" r=\"45\" transform=\"translate(1262 2196)\" fill=\"none\" stroke=\"#fad832\" stroke-miterlimit=\"10\" stroke-width=\"6\"><\/circle><\/g><\/svg><\/span>\n\t\t\t\t\t\t\t\t\t\t\t\t\t<\/span>\n\t\t\t\t\t\t\t\t\t\t\t\t<a class=\"elementor-toggle-title\" tabindex=\"0\">Groupe de travail sur les incitations \u00e9conomiques <br>Pr\u00e9sidence : Fridolin Marty, economiesuisse<\/a>\n\t\t\t\t\t<\/h4>\n\n\t\t\t\t\t<div id=\"elementor-tab-content-1102\" class=\"elementor-tab-content elementor-clearfix\" data-tab=\"2\" role=\"region\" aria-labelledby=\"elementor-tab-title-1102\"><p>Le groupe de travail \u00ab Incitations \u00e9conomiques \u00bb se penche sur les conditions optimales pour une transformation num\u00e9rique. Les aspects techniques et infrastructurels ne sont pas abord\u00e9s, car d&rsquo;autres groupes de travail s&rsquo;en occupent. Les incitations \u00e0 consid\u00e9rer ne doivent toutefois pas \u00eatre exclusivement de nature mon\u00e9taire, mais inclure d&rsquo;autres valeurs ajout\u00e9es, comme par exemple la praticabilit\u00e9. En commen\u00e7ant par le dossier du patient, toutes les \u00e9tapes importantes d&rsquo;une transformation num\u00e9rique doivent \u00eatre examin\u00e9es en termes d&rsquo;incitations.<\/p>\n<p>Comme point de d\u00e9part, il s&rsquo;agit d&rsquo;examiner pourquoi la transformation num\u00e9rique dans le secteur de la sant\u00e9 est \u00e0 la tra\u00eene par rapport \u00e0 d&rsquo;autres secteurs. Cela donne alors une indication de ce qui doit changer en termes d&rsquo;incitations dans le secteur de la sant\u00e9 pour qu&rsquo;il y ait un changement en direction de la num\u00e9risation. Une hi\u00e9rarchisation doit finalement aboutir \u00e0 une sorte de feuille de route pour les incitations \u00e9conomiques, qui pr\u00e9sente les principales propositions de changement dans le temps et avec la feuille de route globale vers un \u00e9cosyst\u00e8me de donn\u00e9es de sant\u00e9 en r\u00e9seau.<\/p>\n<p><strong><a href=\"https:\/\/adtg.ch\/wp-content\/uploads\/2023\/10\/2023-10-10_AG-Wirtschaftliche-Anreize_One-pager_DEF.pdf\" target=\"_blank\" rel=\"noopener\">One-Pager Groupe de travail \u00ab Incitations \u00e9conomiques \u00bb du 10.10.2023<\/a><\/strong><\/p>\n<\/div>\n\t\t\t\t<\/div>\n\t\t\t\t\t\t\t<div class=\"elementor-toggle-item\">\n\t\t\t\t\t<h4 id=\"elementor-tab-title-1103\" class=\"elementor-tab-title\" data-tab=\"3\" role=\"button\" aria-controls=\"elementor-tab-content-1103\" aria-expanded=\"false\">\n\t\t\t\t\t\t\t\t\t\t\t\t<span class=\"elementor-toggle-icon elementor-toggle-icon-right\" aria-hidden=\"true\">\n\t\t\t\t\t\t\t\t\t\t\t\t\t\t\t<span class=\"elementor-toggle-icon-closed\"><svg xmlns=\"http:\/\/www.w3.org\/2000\/svg\" width=\"96\" height=\"96\" viewBox=\"0 0 96 96\"><g transform=\"translate(-1259 -2329)\"><g transform=\"translate(1170 109)\"><line x2=\"54\" transform=\"translate(110.5 2267.5)\" fill=\"none\" stroke=\"#a8a7a7\" stroke-width=\"8\"><\/line><line y1=\"54\" transform=\"translate(137.5 2240.5)\" fill=\"none\" stroke=\"#a8a7a7\" stroke-width=\"8\"><\/line><\/g><circle cx=\"45\" cy=\"45\" r=\"45\" transform=\"translate(1262 2332)\" fill=\"none\" stroke=\"#fad832\" stroke-miterlimit=\"10\" stroke-width=\"6\"><\/circle><\/g><\/svg><\/span>\n\t\t\t\t\t\t\t\t<span class=\"elementor-toggle-icon-opened\"><svg xmlns=\"http:\/\/www.w3.org\/2000\/svg\" width=\"96\" height=\"96\" viewBox=\"0 0 96 96\"><g transform=\"translate(-1259 -2193)\"><line x2=\"54\" transform=\"translate(1280.5 2240.5)\" fill=\"none\" stroke=\"#a8a7a7\" stroke-width=\"8\"><\/line><circle cx=\"45\" cy=\"45\" r=\"45\" transform=\"translate(1262 2196)\" fill=\"none\" stroke=\"#fad832\" stroke-miterlimit=\"10\" stroke-width=\"6\"><\/circle><\/g><\/svg><\/span>\n\t\t\t\t\t\t\t\t\t\t\t\t\t<\/span>\n\t\t\t\t\t\t\t\t\t\t\t\t<a class=\"elementor-toggle-title\" tabindex=\"0\">Groupe de travail DigiSant\u00e9 Message<br>Co-direction : Prof Dr med. Barbara Biedermann (Cobedix), Mauro Welte (pharmaSuisse)<\/a>\n\t\t\t\t\t<\/h4>\n\n\t\t\t\t\t<div id=\"elementor-tab-content-1103\" class=\"elementor-tab-content elementor-clearfix\" data-tab=\"3\" role=\"region\" aria-labelledby=\"elementor-tab-title-1103\"><p>Le groupe de travail a 2 domaines d&rsquo;activit\u00e9 :<\/p>\n<ol>\n<li>Priorisation des projets DigiSant\u00e9<\/li>\n<li>D\u00e9finition d&rsquo;images cibles sp\u00e9cifiques au sujet<\/li>\n<\/ol>\n<p>Apr\u00e8s consultation du conseil d&rsquo;administration, les membres seront invit\u00e9s \u00e0 donner leur avis en interne. Date : T1\/2025.   <\/p>\n<\/div>\n\t\t\t\t<\/div>\n\t\t\t\t\t\t\t\t<\/div>\n\t\t\t\t\t\t<\/div>\n\t\t\t\t<\/div>\n\t\t\t\t<\/div>\n\t\t\t\t<\/div>\n\t\t\t\t<\/div>\n\t\t\t\t<\/div>\n\t\t","protected":false},"excerpt":{"rendered":"<p>T\u00e2ches \u2022 L&rsquo;alliance d\u00e9finit des objectifs, \u00e9value les chances et les risques, et participe de mani\u00e8re proactive \u00e0 la transformation num\u00e9rique. \u2022 Elle d\u00e9finit les conditions juridiques, organisationnelles et financi\u00e8res n\u00e9cessaires \u00e0 la r\u00e9ussite de la transformation num\u00e9rique dans le secteur de la sant\u00e9. \u2022 Elle \u00e9labore des propositions de modifications prioritaires de lois et [&hellip;]<\/p>\n","protected":false},"author":1,"featured_media":0,"parent":0,"menu_order":0,"comment_status":"closed","ping_status":"closed","template":"","meta":{"site-sidebar-layout":"default","site-content-layout":"","ast-site-content-layout":"default","site-content-style":"default","site-sidebar-style":"default","ast-global-header-display":"","ast-banner-title-visibility":"","ast-main-header-display":"","ast-hfb-above-header-display":"","ast-hfb-below-header-display":"","ast-hfb-mobile-header-display":"","site-post-title":"","ast-breadcrumbs-content":"","ast-featured-img":"","footer-sml-layout":"","ast-disable-related-posts":"","theme-transparent-header-meta":"","adv-header-id-meta":"","stick-header-meta":"","header-above-stick-meta":"","header-main-stick-meta":"","header-below-stick-meta":"","astra-migrate-meta-layouts":"default","ast-page-background-enabled":"default","ast-page-background-meta":{"desktop":{"background-color":"var(--ast-global-color-4)","background-image":"","background-repeat":"repeat","background-position":"center center","background-size":"auto","background-attachment":"scroll","background-type":"","background-media":"","overlay-type":"","overlay-color":"","overlay-opacity":"","overlay-gradient":""},"tablet":{"background-color":"","background-image":"","background-repeat":"repeat","background-position":"center center","background-size":"auto","background-attachment":"scroll","background-type":"","background-media":"","overlay-type":"","overlay-color":"","overlay-opacity":"","overlay-gradient":""},"mobile":{"background-color":"","background-image":"","background-repeat":"repeat","background-position":"center center","background-size":"auto","background-attachment":"scroll","background-type":"","background-media":"","overlay-type":"","overlay-color":"","overlay-opacity":"","overlay-gradient":""}},"ast-content-background-meta":{"desktop":{"background-color":"var(--ast-global-color-5)","background-image":"","background-repeat":"repeat","background-position":"center center","background-size":"auto","background-attachment":"scroll","background-type":"","background-media":"","overlay-type":"","overlay-color":"","overlay-opacity":"","overlay-gradient":""},"tablet":{"background-color":"var(--ast-global-color-5)","background-image":"","background-repeat":"repeat","background-position":"center center","background-size":"auto","background-attachment":"scroll","background-type":"","background-media":"","overlay-type":"","overlay-color":"","overlay-opacity":"","overlay-gradient":""},"mobile":{"background-color":"var(--ast-global-color-5)","background-image":"","background-repeat":"repeat","background-position":"center center","background-size":"auto","background-attachment":"scroll","background-type":"","background-media":"","overlay-type":"","overlay-color":"","overlay-opacity":"","overlay-gradient":""}},"footnotes":""},"class_list":["post-2085","page","type-page","status-publish","hentry"],"_links":{"self":[{"href":"https:\/\/adtg.ch\/fr\/wp-json\/wp\/v2\/pages\/2085","targetHints":{"allow":["GET"]}}],"collection":[{"href":"https:\/\/adtg.ch\/fr\/wp-json\/wp\/v2\/pages"}],"about":[{"href":"https:\/\/adtg.ch\/fr\/wp-json\/wp\/v2\/types\/page"}],"author":[{"embeddable":true,"href":"https:\/\/adtg.ch\/fr\/wp-json\/wp\/v2\/users\/1"}],"replies":[{"embeddable":true,"href":"https:\/\/adtg.ch\/fr\/wp-json\/wp\/v2\/comments?post=2085"}],"version-history":[{"count":25,"href":"https:\/\/adtg.ch\/fr\/wp-json\/wp\/v2\/pages\/2085\/revisions"}],"predecessor-version":[{"id":3616,"href":"https:\/\/adtg.ch\/fr\/wp-json\/wp\/v2\/pages\/2085\/revisions\/3616"}],"wp:attachment":[{"href":"https:\/\/adtg.ch\/fr\/wp-json\/wp\/v2\/media?parent=2085"}],"curies":[{"name":"wp","href":"https:\/\/api.w.org\/{rel}","templated":true}]}}