{"id":2216,"date":"2023-10-19T16:03:21","date_gmt":"2023-10-19T14:03:21","guid":{"rendered":"https:\/\/adtg.ch\/articles-de-blog\/"},"modified":"2024-11-06T11:20:08","modified_gmt":"2024-11-06T10:20:08","slug":"articles-de-blog","status":"publish","type":"page","link":"https:\/\/adtg.ch\/fr\/articles-de-blog\/","title":{"rendered":"Articles d&rsquo;actualit\u00e9"},"content":{"rendered":"\t\t<div data-elementor-type=\"wp-page\" data-elementor-id=\"2216\" class=\"elementor elementor-2216 elementor-1810\" data-elementor-post-type=\"page\">\n\t\t\t\t<div class=\"elementor-element elementor-element-2f1bfb06 e-flex e-con-boxed e-con e-parent\" data-id=\"2f1bfb06\" data-element_type=\"container\" data-e-type=\"container\">\n\t\t\t\t\t<div class=\"e-con-inner\">\n\t\t\t\t<div class=\"elementor-element elementor-element-5a1cb9fd elementor-widget elementor-widget-heading\" data-id=\"5a1cb9fd\" data-element_type=\"widget\" data-e-type=\"widget\" data-widget_type=\"heading.default\">\n\t\t\t\t<div class=\"elementor-widget-container\">\n\t\t\t\t\t<h1 class=\"elementor-heading-title elementor-size-default\">Actualit\u00e9s<\/h1>\t\t\t\t<\/div>\n\t\t\t\t<\/div>\n\t\t\t\t<div class=\"elementor-element elementor-element-4d1ac813 elementor-widget-tablet__width-initial elementor-hidden-mobile elementor-widget elementor-widget-heading\" data-id=\"4d1ac813\" data-element_type=\"widget\" data-e-type=\"widget\" data-widget_type=\"heading.default\">\n\t\t\t\t<div class=\"elementor-widget-container\">\n\t\t\t\t\t<h5 class=\"elementor-heading-title elementor-size-default\">Ensemble pour la transformation num\u00e9rique dans les soins de sant\u00e9.<\/h5>\t\t\t\t<\/div>\n\t\t\t\t<\/div>\n\t\t\t\t\t<\/div>\n\t\t\t\t<\/div>\n\t\t<div class=\"elementor-element elementor-element-f2ad1ed e-flex e-con-boxed e-con e-parent\" data-id=\"f2ad1ed\" data-element_type=\"container\" data-e-type=\"container\">\n\t\t\t\t\t<div class=\"e-con-inner\">\n\t\t\t\t<div class=\"elementor-element elementor-element-29ef329 elementor-grid-3 elementor-grid-tablet-2 elementor-grid-mobile-1 elementor-posts--thumbnail-top elementor-widget elementor-widget-posts\" data-id=\"29ef329\" data-element_type=\"widget\" data-e-type=\"widget\" data-settings=\"{&quot;classic_columns&quot;:&quot;3&quot;,&quot;classic_columns_tablet&quot;:&quot;2&quot;,&quot;classic_columns_mobile&quot;:&quot;1&quot;,&quot;classic_row_gap&quot;:{&quot;unit&quot;:&quot;px&quot;,&quot;size&quot;:35,&quot;sizes&quot;:[]},&quot;classic_row_gap_tablet_extra&quot;:{&quot;unit&quot;:&quot;px&quot;,&quot;size&quot;:&quot;&quot;,&quot;sizes&quot;:[]},&quot;classic_row_gap_tablet&quot;:{&quot;unit&quot;:&quot;px&quot;,&quot;size&quot;:&quot;&quot;,&quot;sizes&quot;:[]},&quot;classic_row_gap_mobile&quot;:{&quot;unit&quot;:&quot;px&quot;,&quot;size&quot;:&quot;&quot;,&quot;sizes&quot;:[]}}\" data-widget_type=\"posts.classic\">\n\t\t\t\t<div class=\"elementor-widget-container\">\n\t\t\t\t\t\t\t<div class=\"elementor-posts-container elementor-posts elementor-posts--skin-classic elementor-grid\" role=\"list\">\n\t\t\t\t<article class=\"elementor-post elementor-grid-item post-3377 post type-post status-publish format-standard has-post-thumbnail hentry category-politique category-digisante tag-digisante-fr\" role=\"listitem\">\n\t\t\t\t<a class=\"elementor-post__thumbnail__link\" href=\"https:\/\/adtg.ch\/fr\/apercu-calendrier-politique-2025\/\" tabindex=\"-1\">\n\t\t\t<div class=\"elementor-post__thumbnail\"><img fetchpriority=\"high\" decoding=\"async\" width=\"768\" height=\"512\" src=\"https:\/\/adtg.ch\/wp-content\/uploads\/2025\/02\/arzt-fuellt-e-rezept-am-computer-aus-768x512.avif\" class=\"attachment-medium_large size-medium_large wp-image-3389\" alt=\"Un m\u00e9decin en tenue blanche travaille sur son ordinateur portable et remplit une ordonnance au stylo \u00e0 bille.\" title=\"\" srcset=\"https:\/\/adtg.ch\/wp-content\/uploads\/2025\/02\/arzt-fuellt-e-rezept-am-computer-aus-768x512.avif 768w, https:\/\/adtg.ch\/wp-content\/uploads\/2025\/02\/arzt-fuellt-e-rezept-am-computer-aus-300x200.avif 300w, https:\/\/adtg.ch\/wp-content\/uploads\/2025\/02\/arzt-fuellt-e-rezept-am-computer-aus.avif 900w\" sizes=\"(max-width: 768px) 100vw, 768px\" \/><\/div>\n\t\t<\/a>\n\t\t\t\t<div class=\"elementor-post__text\">\n\t\t\t\t<h3 class=\"elementor-post__title\">\n\t\t\t<a href=\"https:\/\/adtg.ch\/fr\/apercu-calendrier-politique-2025\/\">\n\t\t\t\tAper\u00e7u du calendrier politique de 2025\t\t\t<\/a>\n\t\t<\/h3>\n\t\t\t\t<div class=\"elementor-post__meta-data\">\n\t\t\t\t\t<span class=\"elementor-post-date\">\n\t\t\t21 f\u00e9vrier 2025\t\t<\/span>\n\t\t\t\t<\/div>\n\t\t\t\t<div class=\"elementor-post__excerpt\">\n\t\t\t<p>L&rsquo;ann\u00e9e 2025 est riche en th\u00e8mes politiques num\u00e9riques dans le domaine de la sant\u00e9. Au niveau l\u00e9gislatif Les messages relatifs \u00e0 la r\u00e9vision compl\u00e8te de<\/p>\n\t\t<\/div>\n\t\t\n\t\t<a class=\"elementor-post__read-more\" href=\"https:\/\/adtg.ch\/fr\/apercu-calendrier-politique-2025\/\" aria-label=\"En savoir plus sur Aper\u00e7u du calendrier politique de 2025\" tabindex=\"-1\">\n\t\t\tLire la suite \u00bb\t\t<\/a>\n\n\t\t\t\t<\/div>\n\t\t\t\t<\/article>\n\t\t\t\t<article class=\"elementor-post elementor-grid-item post-3350 post type-post status-publish format-standard has-post-thumbnail hentry category-politique category-digisante tag-digisante-fr\" role=\"listitem\">\n\t\t\t\t<a class=\"elementor-post__thumbnail__link\" href=\"https:\/\/adtg.ch\/fr\/invitation-7eme-seance-digisante-26-2-2025\/\" tabindex=\"-1\">\n\t\t\t<div class=\"elementor-post__thumbnail\"><img decoding=\"async\" width=\"768\" height=\"512\" src=\"https:\/\/adtg.ch\/wp-content\/uploads\/2025\/02\/einladung-siebte-digisante-stunde-26-2-2025-768x512.avif\" class=\"attachment-medium_large size-medium_large wp-image-3346\" alt=\"Page de couverture D\u00e9pliant Invitation \u00e0 la Invitation \u00e0 la septi\u00e8me \u00e9dition de l&#039;heure DigiSant\u00e9 26-2-2025\" title=\"\" srcset=\"https:\/\/adtg.ch\/wp-content\/uploads\/2025\/02\/einladung-siebte-digisante-stunde-26-2-2025-768x512.avif 768w, https:\/\/adtg.ch\/wp-content\/uploads\/2025\/02\/einladung-siebte-digisante-stunde-26-2-2025-300x200.avif 300w, https:\/\/adtg.ch\/wp-content\/uploads\/2025\/02\/einladung-siebte-digisante-stunde-26-2-2025.avif 900w\" sizes=\"(max-width: 768px) 100vw, 768px\" \/><\/div>\n\t\t<\/a>\n\t\t\t\t<div class=\"elementor-post__text\">\n\t\t\t\t<h3 class=\"elementor-post__title\">\n\t\t\t<a href=\"https:\/\/adtg.ch\/fr\/invitation-7eme-seance-digisante-26-2-2025\/\">\n\t\t\t\tInvitation \u00e0 la septi\u00e8me le\u00e7on DigiSant\u00e9 du 26 f\u00e9vrier 2025\t\t\t<\/a>\n\t\t<\/h3>\n\t\t\t\t<div class=\"elementor-post__meta-data\">\n\t\t\t\t\t<span class=\"elementor-post-date\">\n\t\t\t19 f\u00e9vrier 2025\t\t<\/span>\n\t\t\t\t<\/div>\n\t\t\t\t<div class=\"elementor-post__excerpt\">\n\t\t\t<p>L&rsquo;Office f\u00e9d\u00e9ral de la sant\u00e9 publique OFSP organise la septi\u00e8me le\u00e7on DigiSant\u00e9 le mercredi 26 f\u00e9vrier 2025. L&rsquo;\u00e9v\u00e9nement se d\u00e9roulera de mani\u00e8re virtuelle en Microsoft<\/p>\n\t\t<\/div>\n\t\t\n\t\t<a class=\"elementor-post__read-more\" href=\"https:\/\/adtg.ch\/fr\/invitation-7eme-seance-digisante-26-2-2025\/\" aria-label=\"En savoir plus sur Invitation \u00e0 la septi\u00e8me le\u00e7on DigiSant\u00e9 du 26 f\u00e9vrier 2025\" tabindex=\"-1\">\n\t\t\tLire la suite \u00bb\t\t<\/a>\n\n\t\t\t\t<\/div>\n\t\t\t\t<\/article>\n\t\t\t\t<article class=\"elementor-post elementor-grid-item post-3197 post type-post status-publish format-standard has-post-thumbnail hentry category-politique tag-ldep tag-loi-sur-le-dossier-electronique-du-patient\" role=\"listitem\">\n\t\t\t\t<a class=\"elementor-post__thumbnail__link\" href=\"https:\/\/adtg.ch\/fr\/revision-complete-de-la-ldep\/\" tabindex=\"-1\">\n\t\t\t<div class=\"elementor-post__thumbnail\"><img decoding=\"async\" width=\"720\" height=\"480\" src=\"https:\/\/adtg.ch\/wp-content\/uploads\/2024\/11\/Bundesraetin-Baume-Schneider-Medienkonferenz.avif\" class=\"attachment-medium_large size-medium_large wp-image-3159\" alt=\"La conseill\u00e8re f\u00e9d\u00e9rale Elisabeth Baume-Schneider lors de la conf\u00e9rence de presse sur la LDEP\" title=\"\" srcset=\"https:\/\/adtg.ch\/wp-content\/uploads\/2024\/11\/Bundesraetin-Baume-Schneider-Medienkonferenz.avif 720w, https:\/\/adtg.ch\/wp-content\/uploads\/2024\/11\/Bundesraetin-Baume-Schneider-Medienkonferenz-300x200.avif 300w\" sizes=\"(max-width: 720px) 100vw, 720px\" \/><\/div>\n\t\t<\/a>\n\t\t\t\t<div class=\"elementor-post__text\">\n\t\t\t\t<h3 class=\"elementor-post__title\">\n\t\t\t<a href=\"https:\/\/adtg.ch\/fr\/revision-complete-de-la-ldep\/\">\n\t\t\t\tR\u00e9vision compl\u00e8te de la LDEP\t\t\t<\/a>\n\t\t<\/h3>\n\t\t\t\t<div class=\"elementor-post__meta-data\">\n\t\t\t\t\t<span class=\"elementor-post-date\">\n\t\t\t27 septembre 2024\t\t<\/span>\n\t\t\t\t<\/div>\n\t\t\t\t<div class=\"elementor-post__excerpt\">\n\t\t\t<p>Le Conseil f\u00e9d\u00e9ral pose les jalons pour le d\u00e9veloppement du DEP Le dossier \u00e9lectronique du patient (DEP) est appel\u00e9 \u00e0 jouer un r\u00f4le central dans<\/p>\n\t\t<\/div>\n\t\t\n\t\t<a class=\"elementor-post__read-more\" href=\"https:\/\/adtg.ch\/fr\/revision-complete-de-la-ldep\/\" aria-label=\"En savoir plus sur R\u00e9vision compl\u00e8te de la LDEP\" tabindex=\"-1\">\n\t\t\tLire la suite \u00bb\t\t<\/a>\n\n\t\t\t\t<\/div>\n\t\t\t\t<\/article>\n\t\t\t\t<article class=\"elementor-post elementor-grid-item post-3262 post type-post status-publish format-standard has-post-thumbnail hentry category-politique tag-consultation tag-prise-de-position\" role=\"listitem\">\n\t\t\t\t<a class=\"elementor-post__thumbnail__link\" href=\"https:\/\/adtg.ch\/fr\/prise-de-position-sur-la-remuneration-des-applications-numeriques-de-sante-en-suisse\/\" tabindex=\"-1\">\n\t\t\t<div class=\"elementor-post__thumbnail\"><img loading=\"lazy\" decoding=\"async\" width=\"768\" height=\"512\" src=\"https:\/\/adtg.ch\/wp-content\/uploads\/2024\/07\/arbeit-am-positionspaper-adtg-diga-7-2024-768x512.webp\" class=\"attachment-medium_large size-medium_large wp-image-2924\" alt=\"Deux personnes assises devant des ordinateurs portables pos\u00e9s sur une table de bureau discutent\" title=\"\" srcset=\"https:\/\/adtg.ch\/wp-content\/uploads\/2024\/07\/arbeit-am-positionspaper-adtg-diga-7-2024-768x512.webp 768w, https:\/\/adtg.ch\/wp-content\/uploads\/2024\/07\/arbeit-am-positionspaper-adtg-diga-7-2024-300x200.webp 300w, https:\/\/adtg.ch\/wp-content\/uploads\/2024\/07\/arbeit-am-positionspaper-adtg-diga-7-2024.webp 900w\" sizes=\"(max-width: 768px) 100vw, 768px\" \/><\/div>\n\t\t<\/a>\n\t\t\t\t<div class=\"elementor-post__text\">\n\t\t\t\t<h3 class=\"elementor-post__title\">\n\t\t\t<a href=\"https:\/\/adtg.ch\/fr\/prise-de-position-sur-la-remuneration-des-applications-numeriques-de-sante-en-suisse\/\">\n\t\t\t\tPrise de position sur la r\u00e9mun\u00e9ration des applications num\u00e9riques de sant\u00e9 en Suisse\t\t\t<\/a>\n\t\t<\/h3>\n\t\t\t\t<div class=\"elementor-post__meta-data\">\n\t\t\t\t\t<span class=\"elementor-post-date\">\n\t\t\t3 juillet 2024\t\t<\/span>\n\t\t\t\t<\/div>\n\t\t\t\t<div class=\"elementor-post__excerpt\">\n\t\t\t<p>L&rsquo;alliance \u00ab Transformation num\u00e9rique dans le domaine de la sant\u00e9 \u00bb a consid\u00e9r\u00e9 les avis et les propositions de ses membres et des milieux int\u00e9ress\u00e9s pour r\u00e9diger la pr\u00e9sente prise de position \u00ab R\u00e9mun\u00e9ration des applications num\u00e9riques dans le domaine de la sant\u00e9 en Suisse \u00bb.<\/p>\n\t\t<\/div>\n\t\t\n\t\t<a class=\"elementor-post__read-more\" href=\"https:\/\/adtg.ch\/fr\/prise-de-position-sur-la-remuneration-des-applications-numeriques-de-sante-en-suisse\/\" aria-label=\"En savoir plus sur Prise de position sur la r\u00e9mun\u00e9ration des applications num\u00e9riques de sant\u00e9 en Suisse\" tabindex=\"-1\">\n\t\t\tLire la suite \u00bb\t\t<\/a>\n\n\t\t\t\t<\/div>\n\t\t\t\t<\/article>\n\t\t\t\t<article class=\"elementor-post elementor-grid-item post-2679 post type-post status-publish format-standard has-post-thumbnail hentry category-adtg-fr tag-assemblee-generale\" role=\"listitem\">\n\t\t\t\t<a class=\"elementor-post__thumbnail__link\" href=\"https:\/\/adtg.ch\/fr\/assemblee-generale-de-lalliance-du-19-mars-2024\/\" tabindex=\"-1\">\n\t\t\t<div class=\"elementor-post__thumbnail\"><img loading=\"lazy\" decoding=\"async\" width=\"768\" height=\"513\" src=\"https:\/\/adtg.ch\/wp-content\/uploads\/2024\/03\/mitgliederversammlung-allianz-digitale-transformation-2024-bern-768x513.webp\" class=\"attachment-medium_large size-medium_large wp-image-2676\" alt=\"Pr\u00e9sentation \u00e0 l&#039;occasion de l&#039;assembl\u00e9e g\u00e9n\u00e9rale de l&#039;Alliance Transformation num\u00e9rique 2024 \u00e0 Berne\" title=\"\" srcset=\"https:\/\/adtg.ch\/wp-content\/uploads\/2024\/03\/mitgliederversammlung-allianz-digitale-transformation-2024-bern-768x513.webp 768w, https:\/\/adtg.ch\/wp-content\/uploads\/2024\/03\/mitgliederversammlung-allianz-digitale-transformation-2024-bern-300x200.webp 300w, https:\/\/adtg.ch\/wp-content\/uploads\/2024\/03\/mitgliederversammlung-allianz-digitale-transformation-2024-bern.webp 902w\" sizes=\"(max-width: 768px) 100vw, 768px\" \/><\/div>\n\t\t<\/a>\n\t\t\t\t<div class=\"elementor-post__text\">\n\t\t\t\t<h3 class=\"elementor-post__title\">\n\t\t\t<a href=\"https:\/\/adtg.ch\/fr\/assemblee-generale-de-lalliance-du-19-mars-2024\/\">\n\t\t\t\tAssembl\u00e9e g\u00e9n\u00e9rale de l&rsquo;Alliance du 19 mars 2024\t\t\t<\/a>\n\t\t<\/h3>\n\t\t\t\t<div class=\"elementor-post__meta-data\">\n\t\t\t\t\t<span class=\"elementor-post-date\">\n\t\t\t20 mars 2024\t\t<\/span>\n\t\t\t\t<\/div>\n\t\t\t\t<div class=\"elementor-post__excerpt\">\n\t\t\t<p>L&rsquo;assembl\u00e9e g\u00e9n\u00e9rale de l&rsquo;Alliance Transformation num\u00e9rique dans le secteur de la sant\u00e9 a eu lieu le 19 mars 2024 \u00e0 Berne et a attir\u00e9 de<\/p>\n\t\t<\/div>\n\t\t\n\t\t<a class=\"elementor-post__read-more\" href=\"https:\/\/adtg.ch\/fr\/assemblee-generale-de-lalliance-du-19-mars-2024\/\" aria-label=\"En savoir plus sur Assembl\u00e9e g\u00e9n\u00e9rale de l&rsquo;Alliance du 19 mars 2024\" tabindex=\"-1\">\n\t\t\tLire la suite \u00bb\t\t<\/a>\n\n\t\t\t\t<\/div>\n\t\t\t\t<\/article>\n\t\t\t\t<article class=\"elementor-post elementor-grid-item post-2508 post type-post status-publish format-standard has-post-thumbnail hentry category-politique tag-consultation tag-prise-de-position\" role=\"listitem\">\n\t\t\t\t<a class=\"elementor-post__thumbnail__link\" href=\"https:\/\/adtg.ch\/fr\/debut-prise-de-position-remuneration-diga-projet\/\" tabindex=\"-1\">\n\t\t\t<div class=\"elementor-post__thumbnail\"><img loading=\"lazy\" decoding=\"async\" width=\"768\" height=\"512\" src=\"https:\/\/adtg.ch\/wp-content\/uploads\/2024\/01\/arbeit-am-positionspaper-vernehmlassung-diga-1-2024-768x512.webp\" class=\"attachment-medium_large size-medium_large wp-image-2079\" alt=\"Femme \u00e0 une table de bureau en tenue d&#039;affaires, tenant une tablette dans la main gauche et un stylo plume dans la main droite.\" title=\"\" srcset=\"https:\/\/adtg.ch\/wp-content\/uploads\/2024\/01\/arbeit-am-positionspaper-vernehmlassung-diga-1-2024-768x512.webp 768w, https:\/\/adtg.ch\/wp-content\/uploads\/2024\/01\/arbeit-am-positionspaper-vernehmlassung-diga-1-2024-300x200.webp 300w, https:\/\/adtg.ch\/wp-content\/uploads\/2024\/01\/arbeit-am-positionspaper-vernehmlassung-diga-1-2024.webp 900w\" sizes=\"(max-width: 768px) 100vw, 768px\" \/><\/div>\n\t\t<\/a>\n\t\t\t\t<div class=\"elementor-post__text\">\n\t\t\t\t<h3 class=\"elementor-post__title\">\n\t\t\t<a href=\"https:\/\/adtg.ch\/fr\/debut-prise-de-position-remuneration-diga-projet\/\">\n\t\t\t\tD\u00e9but de la consultation Papier de position R\u00e9mun\u00e9ration DiGA \u2013 Proposition\t\t\t<\/a>\n\t\t<\/h3>\n\t\t\t\t<div class=\"elementor-post__meta-data\">\n\t\t\t\t\t<span class=\"elementor-post-date\">\n\t\t\t6 d\u00e9cembre 2023\t\t<\/span>\n\t\t\t\t<\/div>\n\t\t\t\t<div class=\"elementor-post__excerpt\">\n\t\t\t<p>La pr\u00e9sente prise de position \u00ab R\u00e9mun\u00e9ration des applications num\u00e9riques de sant\u00e9 en Suisse \u00bb a \u00e9t\u00e9 \u00e9labor\u00e9e dans le cadre du groupe de travail<\/p>\n\t\t<\/div>\n\t\t\n\t\t<a class=\"elementor-post__read-more\" href=\"https:\/\/adtg.ch\/fr\/debut-prise-de-position-remuneration-diga-projet\/\" aria-label=\"En savoir plus sur D\u00e9but de la consultation Papier de position R\u00e9mun\u00e9ration DiGA \u2013 Proposition\" tabindex=\"-1\">\n\t\t\tLire la suite \u00bb\t\t<\/a>\n\n\t\t\t\t<\/div>\n\t\t\t\t<\/article>\n\t\t\t\t<\/div>\n\t\t\n\t\t\t\t\t\t<\/div>\n\t\t\t\t<\/div>\n\t\t\t\t\t<\/div>\n\t\t\t\t<\/div>\n\t\t\t\t<\/div>\n\t\t","protected":false},"excerpt":{"rendered":"<p>Actualit\u00e9s Ensemble pour la transformation num\u00e9rique dans les soins de sant\u00e9.<\/p>\n","protected":false},"author":1,"featured_media":0,"parent":0,"menu_order":0,"comment_status":"closed","ping_status":"closed","template":"","meta":{"site-sidebar-layout":"no-sidebar","site-content-layout":"","ast-site-content-layout":"full-width-container","site-content-style":"default","site-sidebar-style":"default","ast-global-header-display":"","ast-banner-title-visibility":"","ast-main-header-display":"","ast-hfb-above-header-display":"","ast-hfb-below-header-display":"","ast-hfb-mobile-header-display":"","site-post-title":"disabled","ast-breadcrumbs-content":"","ast-featured-img":"disabled","footer-sml-layout":"","ast-disable-related-posts":"","theme-transparent-header-meta":"default","adv-header-id-meta":"","stick-header-meta":"","header-above-stick-meta":"","header-main-stick-meta":"","header-below-stick-meta":"","astra-migrate-meta-layouts":"default","ast-page-background-enabled":"default","ast-page-background-meta":{"desktop":{"background-color":"var(--ast-global-color-4)","background-image":"","background-repeat":"repeat","background-position":"center center","background-size":"auto","background-attachment":"scroll","background-type":"","background-media":"","overlay-type":"","overlay-color":"","overlay-opacity":"","overlay-gradient":""},"tablet":{"background-color":"","background-image":"","background-repeat":"repeat","background-position":"center center","background-size":"auto","background-attachment":"scroll","background-type":"","background-media":"","overlay-type":"","overlay-color":"","overlay-opacity":"","overlay-gradient":""},"mobile":{"background-color":"","background-image":"","background-repeat":"repeat","background-position":"center center","background-size":"auto","background-attachment":"scroll","background-type":"","background-media":"","overlay-type":"","overlay-color":"","overlay-opacity":"","overlay-gradient":""}},"ast-content-background-meta":{"desktop":{"background-color":"var(--ast-global-color-5)","background-image":"","background-repeat":"repeat","background-position":"center center","background-size":"auto","background-attachment":"scroll","background-type":"","background-media":"","overlay-type":"","overlay-color":"","overlay-opacity":"","overlay-gradient":""},"tablet":{"background-color":"var(--ast-global-color-5)","background-image":"","background-repeat":"repeat","background-position":"center center","background-size":"auto","background-attachment":"scroll","background-type":"","background-media":"","overlay-type":"","overlay-color":"","overlay-opacity":"","overlay-gradient":""},"mobile":{"background-color":"var(--ast-global-color-5)","background-image":"","background-repeat":"repeat","background-position":"center center","background-size":"auto","background-attachment":"scroll","background-type":"","background-media":"","overlay-type":"","overlay-color":"","overlay-opacity":"","overlay-gradient":""}},"footnotes":""},"class_list":["post-2216","page","type-page","status-publish","hentry"],"_links":{"self":[{"href":"https:\/\/adtg.ch\/fr\/wp-json\/wp\/v2\/pages\/2216","targetHints":{"allow":["GET"]}}],"collection":[{"href":"https:\/\/adtg.ch\/fr\/wp-json\/wp\/v2\/pages"}],"about":[{"href":"https:\/\/adtg.ch\/fr\/wp-json\/wp\/v2\/types\/page"}],"author":[{"embeddable":true,"href":"https:\/\/adtg.ch\/fr\/wp-json\/wp\/v2\/users\/1"}],"replies":[{"embeddable":true,"href":"https:\/\/adtg.ch\/fr\/wp-json\/wp\/v2\/comments?post=2216"}],"version-history":[{"count":12,"href":"https:\/\/adtg.ch\/fr\/wp-json\/wp\/v2\/pages\/2216\/revisions"}],"predecessor-version":[{"id":3191,"href":"https:\/\/adtg.ch\/fr\/wp-json\/wp\/v2\/pages\/2216\/revisions\/3191"}],"wp:attachment":[{"href":"https:\/\/adtg.ch\/fr\/wp-json\/wp\/v2\/media?parent=2216"}],"curies":[{"name":"wp","href":"https:\/\/api.w.org\/{rel}","templated":true}]}}