{"id":2963,"date":"2024-11-06T17:59:53","date_gmt":"2024-11-06T16:59:53","guid":{"rendered":"https:\/\/adtg.ch\/?page_id=2963"},"modified":"2025-10-17T09:36:54","modified_gmt":"2025-10-17T07:36:54","slug":"positions","status":"publish","type":"page","link":"https:\/\/adtg.ch\/fr\/positions\/","title":{"rendered":"Positions"},"content":{"rendered":"\t\t<div data-elementor-type=\"wp-page\" data-elementor-id=\"2963\" class=\"elementor elementor-2963 elementor-2962\" data-elementor-post-type=\"page\">\n\t\t\t\t<div class=\"elementor-element elementor-element-b3b770c e-con-full e-flex e-con e-parent\" data-id=\"b3b770c\" data-element_type=\"container\" data-e-type=\"container\">\n\t\t\t\t<div class=\"elementor-element elementor-element-87e5752 elementor-widget elementor-widget-heading\" data-id=\"87e5752\" data-element_type=\"widget\" data-e-type=\"widget\" data-widget_type=\"heading.default\">\n\t\t\t\t<div class=\"elementor-widget-container\">\n\t\t\t\t\t<h1 class=\"elementor-heading-title elementor-size-default\">Positions<\/h1>\t\t\t\t<\/div>\n\t\t\t\t<\/div>\n\t\t\t\t<div class=\"elementor-element elementor-element-61a4c35 elementor-widget-tablet__width-initial elementor-hidden-mobile elementor-widget elementor-widget-heading\" data-id=\"61a4c35\" data-element_type=\"widget\" data-e-type=\"widget\" data-widget_type=\"heading.default\">\n\t\t\t\t<div class=\"elementor-widget-container\">\n\t\t\t\t\t<h5 class=\"elementor-heading-title elementor-size-default\">Ensemble pour la transformation num\u00e9rique dans les soins de sant\u00e9.<\/h5>\t\t\t\t<\/div>\n\t\t\t\t<\/div>\n\t\t\t\t<\/div>\n\t\t<div class=\"elementor-element elementor-element-4628e33 e-con-full e-flex e-con e-parent\" data-id=\"4628e33\" data-element_type=\"container\" data-e-type=\"container\">\n\t\t<div class=\"elementor-element elementor-element-b940e6a e-con-full e-flex e-con e-child\" data-id=\"b940e6a\" data-element_type=\"container\" data-e-type=\"container\" data-settings=\"{&quot;background_background&quot;:&quot;classic&quot;}\">\n\t\t<div class=\"elementor-element elementor-element-35b8b34 e-con-full e-flex e-con e-child\" data-id=\"35b8b34\" data-element_type=\"container\" data-e-type=\"container\">\n\t\t\t\t<div class=\"elementor-element elementor-element-223a095 elementor-widget elementor-widget-heading\" data-id=\"223a095\" data-element_type=\"widget\" data-e-type=\"widget\" data-widget_type=\"heading.default\">\n\t\t\t\t<div class=\"elementor-widget-container\">\n\t\t\t\t\t<h2 class=\"elementor-heading-title elementor-size-default\">Soumissions \u00e0 la consultation<\/h2>\t\t\t\t<\/div>\n\t\t\t\t<\/div>\n\t\t\t\t<div class=\"elementor-element elementor-element-e588eec elementor-widget elementor-widget-text-editor\" data-id=\"e588eec\" data-element_type=\"widget\" data-e-type=\"widget\" data-widget_type=\"text-editor.default\">\n\t\t\t\t<div class=\"elementor-widget-container\">\n\t\t\t\t\t\t\t\t\t<p>Demande de r\u00e9vision compl\u00e8te de la LDEP du 19.10.2023<br \/><a title=\"T\u00e9l\u00e9charger le document PDF\" href=\"https:\/\/adtg.ch\/wp-content\/uploads\/2023\/10\/2023-10-19_Eingabe_EPDG-umfassende-Revision_ADTG_DEF.pdf\" target=\"_blank\" rel=\"noopener\"><strong>T\u00e9l\u00e9charger en PDF <\/strong><strong>\u2192<\/strong><\/a><\/p>\n<p>Demande de financement transitoire LDEP du 19.10.2023<br \/><a title=\"Sauvegarder le document au format PDF\" href=\"https:\/\/adtg.ch\/wp-content\/uploads\/2023\/10\/2023-05-0_Eingabe-EPDG-Uebergangsfinanzierung_ADTG_DEF.pdf\" target=\"_blank\" rel=\"noopener\"><strong>T\u00e9l\u00e9charger au format PDF <\/strong><strong>\u2192<\/strong><\/a><\/p>\n\t\t\t\t\t\t\t\t<\/div>\n\t\t\t\t<\/div>\n\t\t\t\t<\/div>\n\t\t\t\t<\/div>\n\t\t\t\t<\/div>\n\t\t<div class=\"elementor-element elementor-element-d98e8fb e-con-full e-flex e-con e-parent\" data-id=\"d98e8fb\" data-element_type=\"container\" data-e-type=\"container\">\n\t\t<div class=\"elementor-element elementor-element-ff6fe51 e-con-full e-flex e-con e-child\" data-id=\"ff6fe51\" data-element_type=\"container\" data-e-type=\"container\" data-settings=\"{&quot;background_background&quot;:&quot;classic&quot;}\">\n\t\t<div class=\"elementor-element elementor-element-558654e e-con-full e-flex e-con e-child\" data-id=\"558654e\" data-element_type=\"container\" data-e-type=\"container\">\n\t\t\t\t<div class=\"elementor-element elementor-element-6bfc2d8 elementor-widget elementor-widget-heading\" data-id=\"6bfc2d8\" data-element_type=\"widget\" data-e-type=\"widget\" data-widget_type=\"heading.default\">\n\t\t\t\t<div class=\"elementor-widget-container\">\n\t\t\t\t\t<h2 class=\"elementor-heading-title elementor-size-default\">Positions des groupes de travail<\/h2>\t\t\t\t<\/div>\n\t\t\t\t<\/div>\n\t\t\t\t<div class=\"elementor-element elementor-element-d2a5074 elementor-widget elementor-widget-text-editor\" data-id=\"d2a5074\" data-element_type=\"widget\" data-e-type=\"widget\" data-widget_type=\"text-editor.default\">\n\t\t\t\t<div class=\"elementor-widget-container\">\n\t\t\t\t\t\t\t\t\t<p>Groupes de travail Dossier \u00e9lectronique du patient DPE, direction : Reinhold Sojer, FMH<strong><br \/><a title=\"T\u00e9l\u00e9charger le document PDF\" href=\"https:\/\/adtg.ch\/wp-content\/uploads\/2023\/10\/2023-10-10_AG-EPDG_One-pager_DEF.pdf\" target=\"_blank\" rel=\"noopener\">One-Pager Groupe de travail LDEP du 10.10.2023 \u2192<\/a><\/strong><\/p>\n<p>Groupe de travail sur les incitations \u00e9conomiques, dirig\u00e9 par Fridolin Marty, economiesuisse<br \/><a title=\"Enregistrer le document PDF sur le PC\" href=\"https:\/\/adtg.ch\/wp-content\/uploads\/2023\/10\/2023-10-10_AG-Wirtschaftliche-Anreize_One-pager_DEF.pdf\" target=\"_blank\" rel=\"noopener\"><strong>One-Pager Groupe de travail \u00ab Incitations \u00e9conomiques \u00bb du 10.10.2023 \u2192<\/strong><\/a><\/p>\n<p>Groupe de travail sur les \u00e9cosyst\u00e8mes de donn\u00e9es de sant\u00e9, direction : Marie-Jeanne Semnar, Interpharma<br \/><a title=\"T\u00e9l\u00e9charger le document PDF\" href=\"https:\/\/adtg.ch\/wp-content\/uploads\/2023\/10\/2023-10-10_AG-Gesundheitsdatenoekoysteme_DEF.pdf\" target=\"_blank\" rel=\"noopener\"><strong>One-Pager Groupe de travail sur les \u00e9cosyst\u00e8mes de donn\u00e9es de sant\u00e9 \u2192<\/strong><\/a><\/p>\n<p>Le groupe de travail sur les \u00e9cosyst\u00e8mes de donn\u00e9es de sant\u00e9 a publi\u00e9 une prise de position sur le <a title=\"Sauter au rapport du Conseil f\u00e9d\u00e9ral\" href=\"https:\/\/www.parlament.ch\/fr\/ratsbetrieb\/suche-curia-vista\/geschaeft?AffairId=20154225\" target=\"_blank\" rel=\"noopener\">rapport du Conseil f\u00e9d\u00e9ral<\/a> concernant l&rsquo;utilisation des donn\u00e9es de sant\u00e9 :<br \/><a title=\"Enregistrer le document au format PDF\" href=\"https:\/\/adtg.ch\/wp-content\/uploads\/2023\/04\/ADTG-Position-Bericht-Postulat-Humbel-2023-03-30.pdf\" target=\"_blank\" rel=\"noopener\"><strong>ATNS-Position Rapport sur le postulat Humbel <\/strong><strong>\u2192<\/strong><\/a><\/p>\n\t\t\t\t\t\t\t\t<\/div>\n\t\t\t\t<\/div>\n\t\t\t\t<\/div>\n\t\t\t\t<\/div>\n\t\t\t\t<\/div>\n\t\t<div class=\"elementor-element elementor-element-0a2367b e-con-full elementor-hidden-desktop elementor-hidden-tablet_extra elementor-hidden-tablet elementor-hidden-mobile e-flex e-con e-parent\" data-id=\"0a2367b\" data-element_type=\"container\" data-e-type=\"container\">\n\t\t\t\t<div class=\"elementor-element elementor-element-6ed055e elementor-widget__width-initial elementor-widget elementor-widget-text-editor\" data-id=\"6ed055e\" data-element_type=\"widget\" data-e-type=\"widget\" data-widget_type=\"text-editor.default\">\n\t\t\t\t<div class=\"elementor-widget-container\">\n\t\t\t\t\t\t\t\t\t<h5>Position rapport Meilleure utilisation des donn\u00e9es (postulat Humbel) du groupe de travail sur les \u00e9cosyst\u00e8mes de donn\u00e9es de sant\u00e9 d&rsquo;avril&nbsp;2023.<\/h5>\n\t\t\t\t\t\t\t\t<\/div>\n\t\t\t\t<\/div>\n\t\t<div class=\"elementor-element elementor-element-09d18ed e-con-full e-flex e-con e-child\" data-id=\"09d18ed\" data-element_type=\"container\" data-e-type=\"container\">\n\t\t\t\t<div class=\"elementor-element elementor-element-791d463 elementor-widget-mobile__width-inherit elementor-widget elementor-widget-text-editor\" data-id=\"791d463\" data-element_type=\"widget\" data-e-type=\"widget\" data-widget_type=\"text-editor.default\">\n\t\t\t\t<div class=\"elementor-widget-container\">\n\t\t\t\t\t\t\t\t\tLe groupe de travail sur les \u00e9cosyst\u00e8mes de donn\u00e9es de sant\u00e9 a publi\u00e9 une prise de position sur le <a title=\"Sauter au rapport du Conseil f\u00e9d\u00e9ral\" href=\"https:\/\/www.parlament.ch\/centers\/eparl\/_layouts\/15\/DocIdRedir.aspx?ID=MAUWFQFXFMCR-2-50732\" target=\"_blank\" rel=\"noopener\">rapport du Conseil f\u00e9d\u00e9ral<\/a> concernant l&rsquo;utilisation des donn\u00e9es de sant\u00e9. Le Conseil f\u00e9d\u00e9ral a r\u00e9dig\u00e9 ce rapport en r\u00e9ponse au postulat <a title=\"Sauter au postulat de Mme Humbel\" href=\"https:\/\/www.parlament.ch\/fr\/ratsbetrieb\/suche-curia-vista\/geschaeft?AffairId=20154225\" target=\"_blank\" rel=\"noopener\">15.4225<\/a> de l&rsquo;ancienne conseill\u00e8re nationale Ruth Humbel intitul\u00e9 \u00ab Meilleure utilisation des donn\u00e9es sanitaires pour des soins de sant\u00e9 efficaces et de qualit\u00e9 \u00bb.\t\t\t\t\t\t\t\t<\/div>\n\t\t\t\t<\/div>\n\t\t\t\t<div class=\"elementor-element elementor-element-a2581fa elementor-align-justify elementor-mobile-align-center elementor-widget__width-inherit elementor-widget elementor-widget-button\" data-id=\"a2581fa\" data-element_type=\"widget\" data-e-type=\"widget\" data-widget_type=\"button.default\">\n\t\t\t\t<div class=\"elementor-widget-container\">\n\t\t\t\t\t\t\t\t\t<div class=\"elementor-button-wrapper\">\n\t\t\t\t\t<a class=\"elementor-button elementor-button-link elementor-size-md\" href=\"https:\/\/adtg.ch\/wp-content\/uploads\/2023\/04\/ADTG-Position-Bericht-Postulat-Humbel-2023-03-30.pdf\" target=\"_blank\">\n\t\t\t\t\t\t<span class=\"elementor-button-content-wrapper\">\n\t\t\t\t\t\t<span class=\"elementor-button-icon\">\n\t\t\t\t<svg aria-hidden=\"true\" class=\"e-font-icon-svg e-fas-arrow-right\" viewBox=\"0 0 448 512\" xmlns=\"http:\/\/www.w3.org\/2000\/svg\"><path d=\"M190.5 66.9l22.2-22.2c9.4-9.4 24.6-9.4 33.9 0L441 239c9.4 9.4 9.4 24.6 0 33.9L246.6 467.3c-9.4 9.4-24.6 9.4-33.9 0l-22.2-22.2c-9.5-9.5-9.3-25 .4-34.3L311.4 296H24c-13.3 0-24-10.7-24-24v-32c0-13.3 10.7-24 24-24h287.4L190.9 101.2c-9.8-9.3-10-24.8-.4-34.3z\"><\/path><\/svg>\t\t\t<\/span>\n\t\t\t\t\t\t\t\t\t<span class=\"elementor-button-text\">Position de l'ATNS Rapport sur le postulat Humbel \u2192<\/span>\n\t\t\t\t\t<\/span>\n\t\t\t\t\t<\/a>\n\t\t\t\t<\/div>\n\t\t\t\t\t\t\t\t<\/div>\n\t\t\t\t<\/div>\n\t\t\t\t<\/div>\n\t\t\t\t<\/div>\n\t\t\t\t<\/div>\n\t\t","protected":false},"excerpt":{"rendered":"<p>Positions Ensemble pour la transformation num\u00e9rique dans les soins de sant\u00e9. Soumissions \u00e0 la consultation Demande de r\u00e9vision compl\u00e8te de la LDEP du 19.10.2023T\u00e9l\u00e9charger en PDF \u2192 Demande de financement transitoire LDEP du 19.10.2023T\u00e9l\u00e9charger au format PDF \u2192 Positions des groupes de travail Groupes de travail Dossier \u00e9lectronique du patient DPE, direction : Reinhold Sojer, [&hellip;]<\/p>\n","protected":false},"author":1,"featured_media":0,"parent":0,"menu_order":0,"comment_status":"closed","ping_status":"closed","template":"elementor_theme","meta":{"site-sidebar-layout":"default","site-content-layout":"","ast-site-content-layout":"default","site-content-style":"default","site-sidebar-style":"default","ast-global-header-display":"","ast-banner-title-visibility":"disabled","ast-main-header-display":"","ast-hfb-above-header-display":"","ast-hfb-below-header-display":"","ast-hfb-mobile-header-display":"","site-post-title":"","ast-breadcrumbs-content":"","ast-featured-img":"","footer-sml-layout":"","ast-disable-related-posts":"","theme-transparent-header-meta":"enabled","adv-header-id-meta":"","stick-header-meta":"","header-above-stick-meta":"","header-main-stick-meta":"","header-below-stick-meta":"","astra-migrate-meta-layouts":"default","ast-page-background-enabled":"default","ast-page-background-meta":{"desktop":{"background-color":"var(--ast-global-color-4)","background-image":"","background-repeat":"repeat","background-position":"center center","background-size":"auto","background-attachment":"scroll","background-type":"","background-media":"","overlay-type":"","overlay-color":"","overlay-opacity":"","overlay-gradient":""},"tablet":{"background-color":"","background-image":"","background-repeat":"repeat","background-position":"center center","background-size":"auto","background-attachment":"scroll","background-type":"","background-media":"","overlay-type":"","overlay-color":"","overlay-opacity":"","overlay-gradient":""},"mobile":{"background-color":"","background-image":"","background-repeat":"repeat","background-position":"center center","background-size":"auto","background-attachment":"scroll","background-type":"","background-media":"","overlay-type":"","overlay-color":"","overlay-opacity":"","overlay-gradient":""}},"ast-content-background-meta":{"desktop":{"background-color":"var(--ast-global-color-5)","background-image":"","background-repeat":"repeat","background-position":"center center","background-size":"auto","background-attachment":"scroll","background-type":"","background-media":"","overlay-type":"","overlay-color":"","overlay-opacity":"","overlay-gradient":""},"tablet":{"background-color":"var(--ast-global-color-5)","background-image":"","background-repeat":"repeat","background-position":"center center","background-size":"auto","background-attachment":"scroll","background-type":"","background-media":"","overlay-type":"","overlay-color":"","overlay-opacity":"","overlay-gradient":""},"mobile":{"background-color":"var(--ast-global-color-5)","background-image":"","background-repeat":"repeat","background-position":"center center","background-size":"auto","background-attachment":"scroll","background-type":"","background-media":"","overlay-type":"","overlay-color":"","overlay-opacity":"","overlay-gradient":""}},"footnotes":""},"class_list":["post-2963","page","type-page","status-publish","hentry"],"_links":{"self":[{"href":"https:\/\/adtg.ch\/fr\/wp-json\/wp\/v2\/pages\/2963","targetHints":{"allow":["GET"]}}],"collection":[{"href":"https:\/\/adtg.ch\/fr\/wp-json\/wp\/v2\/pages"}],"about":[{"href":"https:\/\/adtg.ch\/fr\/wp-json\/wp\/v2\/types\/page"}],"author":[{"embeddable":true,"href":"https:\/\/adtg.ch\/fr\/wp-json\/wp\/v2\/users\/1"}],"replies":[{"embeddable":true,"href":"https:\/\/adtg.ch\/fr\/wp-json\/wp\/v2\/comments?post=2963"}],"version-history":[{"count":8,"href":"https:\/\/adtg.ch\/fr\/wp-json\/wp\/v2\/pages\/2963\/revisions"}],"predecessor-version":[{"id":3253,"href":"https:\/\/adtg.ch\/fr\/wp-json\/wp\/v2\/pages\/2963\/revisions\/3253"}],"wp:attachment":[{"href":"https:\/\/adtg.ch\/fr\/wp-json\/wp\/v2\/media?parent=2963"}],"curies":[{"name":"wp","href":"https:\/\/api.w.org\/{rel}","templated":true}]}}